{"id":425,"date":"2025-01-13T18:43:01","date_gmt":"2025-01-13T17:43:01","guid":{"rendered":"https:\/\/movereon.org\/?page_id=425"},"modified":"2025-02-06T00:06:45","modified_gmt":"2025-02-05T23:06:45","slug":"spanischkurs","status":"publish","type":"page","link":"https:\/\/movereon.org\/de\/das-programm\/spanischkurs\/","title":{"rendered":"Spanischkurs"},"content":{"rendered":"\t\t<div data-elementor-type=\"wp-page\" data-elementor-id=\"425\" class=\"elementor elementor-425\" data-elementor-post-type=\"page\">\n\t\t\t\t<div class=\"elementor-element elementor-element-fbb59b4 e-flex e-con-boxed e-con e-parent\" data-id=\"fbb59b4\" data-element_type=\"container\">\n\t\t\t\t\t<div class=\"e-con-inner\">\n\t\t<div class=\"elementor-element elementor-element-56b158c e-con-full e-flex e-con e-child\" data-id=\"56b158c\" data-element_type=\"container\">\n\t\t\t\t<div class=\"elementor-element elementor-element-a3693c1 elementor-widget elementor-widget-heading\" data-id=\"a3693c1\" data-element_type=\"widget\" data-widget_type=\"heading.default\">\n\t\t\t\t<div class=\"elementor-widget-container\">\n\t\t\t\t\t<h2 class=\"elementor-heading-title elementor-size-default\">Spanischkurs<\/h2>\t\t\t\t<\/div>\n\t\t\t\t<\/div>\n\t\t\t\t<\/div>\n\t\t<div class=\"elementor-element elementor-element-b6507e8 e-con-full e-flex e-con e-child\" data-id=\"b6507e8\" data-element_type=\"container\" data-settings=\"{&quot;background_background&quot;:&quot;classic&quot;}\">\n\t\t\t\t<\/div>\n\t\t\t\t\t<\/div>\n\t\t\t\t<\/div>\n\t\t<div class=\"elementor-element elementor-element-8fb96f2 e-flex e-con-boxed e-con e-parent\" data-id=\"8fb96f2\" data-element_type=\"container\">\n\t\t\t\t\t<div class=\"e-con-inner\">\n\t\t\t\t<div class=\"elementor-element elementor-element-5e181fe elementor-widget elementor-widget-text-editor\" data-id=\"5e181fe\" data-element_type=\"widget\" data-widget_type=\"text-editor.default\">\n\t\t\t\t<div class=\"elementor-widget-container\">\n\t\t\t\t\t\t\t\t\t<p>Unsere Spanischlehrer sind Experten auf ihrem Gebiet \u2013 alle mit einem Abschluss in spanischer Philologie und viele sogar mit einem Master im Spanischunterricht. Sie sind dynamisch, engagiert und werden gezielt aufgrund ihrer F\u00e4higkeit ausgew\u00e4hlt, mit jungen Erwachsenen zu arbeiten und sie zu begeistern.<\/p><p>Das Highlight unseres Unterrichts? Du tauchst komplett in die spanische Sprache ein! Es wird ausschlie\u00dflich Spanisch gesprochen, und alle Erkl\u00e4rungen erfolgen auf Spanisch. Unsere Lehrer beherrschen die Kunst der Pantomime und des Rollenspiels, sodass \u00dcbersetzungen nicht n\u00f6tig sind \u2013 du wirst die Sprache durch praktische Anwendung verstehen.<\/p><p>Am Ende jedes Unterrichtstages wird von dir erwartet, dass du einige \u00fcberschaubare Hausaufgaben erledigst, um das an diesem Tag Gelernte zu festigen und neue Vokabeln zu lernen. Denn wir sehen unsere Aufgabe auch darin, deine Fortschritte zu forcieren und sicherzustellen, dass sich deine Spanischkenntnisse schnell verbessern. Auf Wunsch erh\u00e4ltst du einen w\u00f6chentlichen Fortschrittsbericht<\/p><p>Mit maximal 10 Teilnehmern pro Gruppe garantieren wir ein hohes Ma\u00df an individueller Aufmerksamkeit, die dir zuteilwird und die du uns entgegenbringst. Zwischen den Unterrichtseinheiten gibt es zwei kurze Pausen und eine l\u00e4ngere.<\/p>\t\t\t\t\t\t\t\t<\/div>\n\t\t\t\t<\/div>\n\t\t\t\t<div class=\"elementor-element elementor-element-d215426 elementor-widget-divider--view-line_icon elementor-view-default elementor-widget-divider--element-align-center elementor-widget elementor-widget-divider\" data-id=\"d215426\" data-element_type=\"widget\" data-widget_type=\"divider.default\">\n\t\t\t\t<div class=\"elementor-widget-container\">\n\t\t\t\t\t\t\t<div class=\"elementor-divider\">\n\t\t\t<span class=\"elementor-divider-separator\">\n\t\t\t\t\t\t\t<div class=\"elementor-icon elementor-divider__element\">\n\t\t\t\t\t<svg aria-hidden=\"true\" class=\"e-font-icon-svg e-far-calendar-alt\" viewBox=\"0 0 448 512\" xmlns=\"http:\/\/www.w3.org\/2000\/svg\"><path d=\"M148 288h-40c-6.6 0-12-5.4-12-12v-40c0-6.6 5.4-12 12-12h40c6.6 0 12 5.4 12 12v40c0 6.6-5.4 12-12 12zm108-12v-40c0-6.6-5.4-12-12-12h-40c-6.6 0-12 5.4-12 12v40c0 6.6 5.4 12 12 12h40c6.6 0 12-5.4 12-12zm96 0v-40c0-6.6-5.4-12-12-12h-40c-6.6 0-12 5.4-12 12v40c0 6.6 5.4 12 12 12h40c6.6 0 12-5.4 12-12zm-96 96v-40c0-6.6-5.4-12-12-12h-40c-6.6 0-12 5.4-12 12v40c0 6.6 5.4 12 12 12h40c6.6 0 12-5.4 12-12zm-96 0v-40c0-6.6-5.4-12-12-12h-40c-6.6 0-12 5.4-12 12v40c0 6.6 5.4 12 12 12h40c6.6 0 12-5.4 12-12zm192 0v-40c0-6.6-5.4-12-12-12h-40c-6.6 0-12 5.4-12 12v40c0 6.6 5.4 12 12 12h40c6.6 0 12-5.4 12-12zm96-260v352c0 26.5-21.5 48-48 48H48c-26.5 0-48-21.5-48-48V112c0-26.5 21.5-48 48-48h48V12c0-6.6 5.4-12 12-12h40c6.6 0 12 5.4 12 12v52h128V12c0-6.6 5.4-12 12-12h40c6.6 0 12 5.4 12 12v52h48c26.5 0 48 21.5 48 48zm-48 346V160H48v298c0 3.3 2.7 6 6 6h340c3.3 0 6-2.7 6-6z\"><\/path><\/svg><\/div>\n\t\t\t\t\t\t<\/span>\n\t\t<\/div>\n\t\t\t\t\t\t<\/div>\n\t\t\t\t<\/div>\n\t\t\t\t\t<\/div>\n\t\t\t\t<\/div>\n\t\t<div class=\"elementor-element elementor-element-df4673f e-flex e-con-boxed e-con e-parent\" data-id=\"df4673f\" data-element_type=\"container\">\n\t\t\t\t\t<div class=\"e-con-inner\">\n\t\t<div class=\"elementor-element elementor-element-fcf9985 e-con-full e-flex e-con e-child\" data-id=\"fcf9985\" data-element_type=\"container\">\n\t\t\t\t<div class=\"elementor-element elementor-element-5727ee9 elementor-widget elementor-widget-heading\" data-id=\"5727ee9\" data-element_type=\"widget\" data-widget_type=\"heading.default\">\n\t\t\t\t<div class=\"elementor-widget-container\">\n\t\t\t\t\t<p class=\"elementor-heading-title elementor-size-default\">Unser Programm hat zwei Starttermine<\/p>\t\t\t\t<\/div>\n\t\t\t\t<\/div>\n\t\t\t\t<div class=\"elementor-element elementor-element-23b9616 elementor-icon-list--layout-traditional elementor-list-item-link-full_width elementor-widget elementor-widget-icon-list\" data-id=\"23b9616\" data-element_type=\"widget\" data-widget_type=\"icon-list.default\">\n\t\t\t\t<div class=\"elementor-widget-container\">\n\t\t\t\t\t\t\t<ul class=\"elementor-icon-list-items\">\n\t\t\t\t\t\t\t<li class=\"elementor-icon-list-item\">\n\t\t\t\t\t\t\t\t\t\t\t<span class=\"elementor-icon-list-icon\">\n\t\t\t\t\t\t\t<svg aria-hidden=\"true\" class=\"e-font-icon-svg e-far-calendar-check\" viewBox=\"0 0 448 512\" xmlns=\"http:\/\/www.w3.org\/2000\/svg\"><path d=\"M400 64h-48V12c0-6.627-5.373-12-12-12h-40c-6.627 0-12 5.373-12 12v52H160V12c0-6.627-5.373-12-12-12h-40c-6.627 0-12 5.373-12 12v52H48C21.49 64 0 85.49 0 112v352c0 26.51 21.49 48 48 48h352c26.51 0 48-21.49 48-48V112c0-26.51-21.49-48-48-48zm-6 400H54a6 6 0 0 1-6-6V160h352v298a6 6 0 0 1-6 6zm-52.849-200.65L198.842 404.519c-4.705 4.667-12.303 4.637-16.971-.068l-75.091-75.699c-4.667-4.705-4.637-12.303.068-16.971l22.719-22.536c4.705-4.667 12.303-4.637 16.97.069l44.104 44.461 111.072-110.181c4.705-4.667 12.303-4.637 16.971.068l22.536 22.718c4.667 4.705 4.636 12.303-.069 16.97z\"><\/path><\/svg>\t\t\t\t\t\t<\/span>\n\t\t\t\t\t\t\t\t\t\t<span class=\"elementor-icon-list-text\">21. Juni \u2013 f\u00fcr absolute Anf\u00e4nger oder untere Mittelstufe.<\/span>\n\t\t\t\t\t\t\t\t\t<\/li>\n\t\t\t\t\t\t\t\t<li class=\"elementor-icon-list-item\">\n\t\t\t\t\t\t\t\t\t\t\t<span class=\"elementor-icon-list-icon\">\n\t\t\t\t\t\t\t<svg aria-hidden=\"true\" class=\"e-font-icon-svg e-far-calendar-check\" viewBox=\"0 0 448 512\" xmlns=\"http:\/\/www.w3.org\/2000\/svg\"><path d=\"M400 64h-48V12c0-6.627-5.373-12-12-12h-40c-6.627 0-12 5.373-12 12v52H160V12c0-6.627-5.373-12-12-12h-40c-6.627 0-12 5.373-12 12v52H48C21.49 64 0 85.49 0 112v352c0 26.51 21.49 48 48 48h352c26.51 0 48-21.49 48-48V112c0-26.51-21.49-48-48-48zm-6 400H54a6 6 0 0 1-6-6V160h352v298a6 6 0 0 1-6 6zm-52.849-200.65L198.842 404.519c-4.705 4.667-12.303 4.637-16.971-.068l-75.091-75.699c-4.667-4.705-4.637-12.303.068-16.971l22.719-22.536c4.705-4.667 12.303-4.637 16.97.069l44.104 44.461 111.072-110.181c4.705-4.667 12.303-4.637 16.971.068l22.536 22.718c4.667 4.705 4.636 12.303-.069 16.97z\"><\/path><\/svg>\t\t\t\t\t\t<\/span>\n\t\t\t\t\t\t\t\t\t\t<span class=\"elementor-icon-list-text\">12. Juli \u2013 f\u00fcr absolute Anf\u00e4nger, untere  Mittelstufe und h\u00f6here Mittelstufe.<\/span>\n\t\t\t\t\t\t\t\t\t<\/li>\n\t\t\t\t\t\t<\/ul>\n\t\t\t\t\t\t<\/div>\n\t\t\t\t<\/div>\n\t\t\t\t<\/div>\n\t\t<div class=\"elementor-element elementor-element-82cecf4 e-con-full e-flex e-con e-child\" data-id=\"82cecf4\" data-element_type=\"container\" data-settings=\"{&quot;background_background&quot;:&quot;video&quot;,&quot;background_video_link&quot;:&quot;https:\\\/\\\/movereon.org\\\/wp-content\\\/uploads\\\/2025\\\/01\\\/4769570_Student_Homework_1280x720.mp4&quot;,&quot;background_play_on_mobile&quot;:&quot;yes&quot;}\">\n\t\t<div class=\"elementor-background-video-container\">\n\t\t\t\t\t\t\t<video class=\"elementor-background-video-hosted elementor-html5-video\" autoplay muted playsinline loop><\/video>\n\t\t\t\t\t<\/div>\t\t<\/div>\n\t\t\t\t\t<\/div>\n\t\t\t\t<\/div>\n\t\t\t\t<\/div>\n\t\t","protected":false},"excerpt":{"rendered":"<p>Unsere Spanischlehrer sind Experten auf ihrem Gebiet \u2013 alle mit einem Abschluss in spanischer Philologie und viele sogar mit einem Master im Spanischunterricht. Sie sind dynamisch, engagiert und werden gezielt aufgrund ihrer F\u00e4higkeit ausgew\u00e4hlt, mit jungen Erwachsenen zu arbeiten und sie zu begeistern. Das Highlight unseres Unterrichts? Du tauchst komplett in die spanische Sprache ein! [&hellip;]<\/p>\n","protected":false},"author":2,"featured_media":422,"parent":420,"menu_order":0,"comment_status":"closed","ping_status":"closed","template":"","meta":{"_uag_custom_page_level_css":"","footnotes":""},"class_list":["post-425","page","type-page","status-publish","has-post-thumbnail","hentry"],"yoast_head":"<!-- This site is optimized with the Yoast SEO plugin v24.4 - https:\/\/yoast.com\/wordpress\/plugins\/seo\/ -->\n<title>Spanischkurs - Movere On<\/title>\n<meta name=\"robots\" content=\"index, follow, max-snippet:-1, max-image-preview:large, max-video-preview:-1\" \/>\n<link rel=\"canonical\" href=\"https:\/\/movereon.org\/de\/das-programm\/spanischkurs\/\" \/>\n<meta property=\"og:locale\" content=\"de_DE\" \/>\n<meta property=\"og:type\" content=\"article\" \/>\n<meta property=\"og:title\" content=\"Spanischkurs - Movere On\" \/>\n<meta property=\"og:description\" content=\"Unsere Spanischlehrer sind Experten auf ihrem Gebiet \u2013 alle mit einem Abschluss in spanischer Philologie und viele sogar mit einem Master im Spanischunterricht. Sie sind dynamisch, engagiert und werden gezielt aufgrund ihrer F\u00e4higkeit ausgew\u00e4hlt, mit jungen Erwachsenen zu arbeiten und sie zu begeistern. Das Highlight unseres Unterrichts? Du tauchst komplett in die spanische Sprache ein! [&hellip;]\" \/>\n<meta property=\"og:url\" content=\"https:\/\/movereon.org\/de\/das-programm\/spanischkurs\/\" \/>\n<meta property=\"og:site_name\" content=\"Movere On\" \/>\n<meta property=\"article:modified_time\" content=\"2025-02-05T23:06:45+00:00\" \/>\n<meta property=\"og:image\" content=\"https:\/\/movereon.org\/wp-content\/uploads\/2025\/01\/logo-DE-01.png\" \/>\n\t<meta property=\"og:image:width\" content=\"478\" \/>\n\t<meta property=\"og:image:height\" content=\"274\" \/>\n\t<meta property=\"og:image:type\" content=\"image\/png\" \/>\n<meta name=\"twitter:card\" content=\"summary_large_image\" \/>\n<meta name=\"twitter:label1\" content=\"Gesch\u00e4tzte Lesezeit\" \/>\n\t<meta name=\"twitter:data1\" content=\"1\u00a0Minute\" \/>\n<script type=\"application\/ld+json\" class=\"yoast-schema-graph\">{\"@context\":\"https:\/\/schema.org\",\"@graph\":[{\"@type\":\"WebPage\",\"@id\":\"https:\/\/movereon.org\/de\/das-programm\/spanischkurs\/\",\"url\":\"https:\/\/movereon.org\/de\/das-programm\/spanischkurs\/\",\"name\":\"Spanischkurs - Movere On\",\"isPartOf\":{\"@id\":\"https:\/\/movereon.org\/de\/#website\"},\"primaryImageOfPage\":{\"@id\":\"https:\/\/movereon.org\/de\/das-programm\/spanischkurs\/#primaryimage\"},\"image\":{\"@id\":\"https:\/\/movereon.org\/de\/das-programm\/spanischkurs\/#primaryimage\"},\"thumbnailUrl\":\"https:\/\/movereon.org\/wp-content\/uploads\/2025\/01\/logo-DE-01.png\",\"datePublished\":\"2025-01-13T17:43:01+00:00\",\"dateModified\":\"2025-02-05T23:06:45+00:00\",\"breadcrumb\":{\"@id\":\"https:\/\/movereon.org\/de\/das-programm\/spanischkurs\/#breadcrumb\"},\"inLanguage\":\"de\",\"potentialAction\":[{\"@type\":\"ReadAction\",\"target\":[\"https:\/\/movereon.org\/de\/das-programm\/spanischkurs\/\"]}]},{\"@type\":\"ImageObject\",\"inLanguage\":\"de\",\"@id\":\"https:\/\/movereon.org\/de\/das-programm\/spanischkurs\/#primaryimage\",\"url\":\"https:\/\/movereon.org\/wp-content\/uploads\/2025\/01\/logo-DE-01.png\",\"contentUrl\":\"https:\/\/movereon.org\/wp-content\/uploads\/2025\/01\/logo-DE-01.png\",\"width\":478,\"height\":274},{\"@type\":\"BreadcrumbList\",\"@id\":\"https:\/\/movereon.org\/de\/das-programm\/spanischkurs\/#breadcrumb\",\"itemListElement\":[{\"@type\":\"ListItem\",\"position\":1,\"name\":\"Portada\",\"item\":\"https:\/\/movereon.org\/de\/\"},{\"@type\":\"ListItem\",\"position\":2,\"name\":\"Das Programm\",\"item\":\"https:\/\/movereon.org\/de\/das-programm\/\"},{\"@type\":\"ListItem\",\"position\":3,\"name\":\"Spanischkurs\"}]},{\"@type\":\"WebSite\",\"@id\":\"https:\/\/movereon.org\/de\/#website\",\"url\":\"https:\/\/movereon.org\/de\/\",\"name\":\"Movere On\",\"description\":\"Filling the Gap Right!\",\"publisher\":{\"@id\":\"https:\/\/movereon.org\/de\/#organization\"},\"potentialAction\":[{\"@type\":\"SearchAction\",\"target\":{\"@type\":\"EntryPoint\",\"urlTemplate\":\"https:\/\/movereon.org\/de\/?s={search_term_string}\"},\"query-input\":{\"@type\":\"PropertyValueSpecification\",\"valueRequired\":true,\"valueName\":\"search_term_string\"}}],\"inLanguage\":\"de\"},{\"@type\":\"Organization\",\"@id\":\"https:\/\/movereon.org\/de\/#organization\",\"name\":\"Movere On\",\"url\":\"https:\/\/movereon.org\/de\/\",\"logo\":{\"@type\":\"ImageObject\",\"inLanguage\":\"de\",\"@id\":\"https:\/\/movereon.org\/de\/#\/schema\/logo\/image\/\",\"url\":\"https:\/\/movereon.org\/wp-content\/uploads\/2025\/01\/logo-DE-01.png\",\"contentUrl\":\"https:\/\/movereon.org\/wp-content\/uploads\/2025\/01\/logo-DE-01.png\",\"width\":478,\"height\":274,\"caption\":\"Movere On\"},\"image\":{\"@id\":\"https:\/\/movereon.org\/de\/#\/schema\/logo\/image\/\"}}]}<\/script>\n<!-- \/ Yoast SEO plugin. -->","yoast_head_json":{"title":"Spanischkurs - Movere On","robots":{"index":"index","follow":"follow","max-snippet":"max-snippet:-1","max-image-preview":"max-image-preview:large","max-video-preview":"max-video-preview:-1"},"canonical":"https:\/\/movereon.org\/de\/das-programm\/spanischkurs\/","og_locale":"de_DE","og_type":"article","og_title":"Spanischkurs - Movere On","og_description":"Unsere Spanischlehrer sind Experten auf ihrem Gebiet \u2013 alle mit einem Abschluss in spanischer Philologie und viele sogar mit einem Master im Spanischunterricht. Sie sind dynamisch, engagiert und werden gezielt aufgrund ihrer F\u00e4higkeit ausgew\u00e4hlt, mit jungen Erwachsenen zu arbeiten und sie zu begeistern. Das Highlight unseres Unterrichts? Du tauchst komplett in die spanische Sprache ein! [&hellip;]","og_url":"https:\/\/movereon.org\/de\/das-programm\/spanischkurs\/","og_site_name":"Movere On","article_modified_time":"2025-02-05T23:06:45+00:00","og_image":[{"width":478,"height":274,"url":"https:\/\/movereon.org\/wp-content\/uploads\/2025\/01\/logo-DE-01.png","type":"image\/png"}],"twitter_card":"summary_large_image","twitter_misc":{"Gesch\u00e4tzte Lesezeit":"1\u00a0Minute"},"schema":{"@context":"https:\/\/schema.org","@graph":[{"@type":"WebPage","@id":"https:\/\/movereon.org\/de\/das-programm\/spanischkurs\/","url":"https:\/\/movereon.org\/de\/das-programm\/spanischkurs\/","name":"Spanischkurs - Movere On","isPartOf":{"@id":"https:\/\/movereon.org\/de\/#website"},"primaryImageOfPage":{"@id":"https:\/\/movereon.org\/de\/das-programm\/spanischkurs\/#primaryimage"},"image":{"@id":"https:\/\/movereon.org\/de\/das-programm\/spanischkurs\/#primaryimage"},"thumbnailUrl":"https:\/\/movereon.org\/wp-content\/uploads\/2025\/01\/logo-DE-01.png","datePublished":"2025-01-13T17:43:01+00:00","dateModified":"2025-02-05T23:06:45+00:00","breadcrumb":{"@id":"https:\/\/movereon.org\/de\/das-programm\/spanischkurs\/#breadcrumb"},"inLanguage":"de","potentialAction":[{"@type":"ReadAction","target":["https:\/\/movereon.org\/de\/das-programm\/spanischkurs\/"]}]},{"@type":"ImageObject","inLanguage":"de","@id":"https:\/\/movereon.org\/de\/das-programm\/spanischkurs\/#primaryimage","url":"https:\/\/movereon.org\/wp-content\/uploads\/2025\/01\/logo-DE-01.png","contentUrl":"https:\/\/movereon.org\/wp-content\/uploads\/2025\/01\/logo-DE-01.png","width":478,"height":274},{"@type":"BreadcrumbList","@id":"https:\/\/movereon.org\/de\/das-programm\/spanischkurs\/#breadcrumb","itemListElement":[{"@type":"ListItem","position":1,"name":"Portada","item":"https:\/\/movereon.org\/de\/"},{"@type":"ListItem","position":2,"name":"Das Programm","item":"https:\/\/movereon.org\/de\/das-programm\/"},{"@type":"ListItem","position":3,"name":"Spanischkurs"}]},{"@type":"WebSite","@id":"https:\/\/movereon.org\/de\/#website","url":"https:\/\/movereon.org\/de\/","name":"Movere On","description":"Filling the Gap Right!","publisher":{"@id":"https:\/\/movereon.org\/de\/#organization"},"potentialAction":[{"@type":"SearchAction","target":{"@type":"EntryPoint","urlTemplate":"https:\/\/movereon.org\/de\/?s={search_term_string}"},"query-input":{"@type":"PropertyValueSpecification","valueRequired":true,"valueName":"search_term_string"}}],"inLanguage":"de"},{"@type":"Organization","@id":"https:\/\/movereon.org\/de\/#organization","name":"Movere On","url":"https:\/\/movereon.org\/de\/","logo":{"@type":"ImageObject","inLanguage":"de","@id":"https:\/\/movereon.org\/de\/#\/schema\/logo\/image\/","url":"https:\/\/movereon.org\/wp-content\/uploads\/2025\/01\/logo-DE-01.png","contentUrl":"https:\/\/movereon.org\/wp-content\/uploads\/2025\/01\/logo-DE-01.png","width":478,"height":274,"caption":"Movere On"},"image":{"@id":"https:\/\/movereon.org\/de\/#\/schema\/logo\/image\/"}}]}},"uagb_featured_image_src":{"full":["https:\/\/movereon.org\/wp-content\/uploads\/2025\/01\/logo-DE-01.png",478,274,false],"thumbnail":["https:\/\/movereon.org\/wp-content\/uploads\/2025\/01\/logo-DE-01-150x150.png",150,150,true],"medium":["https:\/\/movereon.org\/wp-content\/uploads\/2025\/01\/logo-DE-01-300x172.png",300,172,true],"medium_large":["https:\/\/movereon.org\/wp-content\/uploads\/2025\/01\/logo-DE-01.png",478,274,false],"large":["https:\/\/movereon.org\/wp-content\/uploads\/2025\/01\/logo-DE-01.png",478,274,false],"1536x1536":["https:\/\/movereon.org\/wp-content\/uploads\/2025\/01\/logo-DE-01.png",478,274,false],"2048x2048":["https:\/\/movereon.org\/wp-content\/uploads\/2025\/01\/logo-DE-01.png",478,274,false],"woocommerce_thumbnail":["https:\/\/movereon.org\/wp-content\/uploads\/2025\/01\/logo-DE-01-300x274.png",300,274,true],"woocommerce_single":["https:\/\/movereon.org\/wp-content\/uploads\/2025\/01\/logo-DE-01.png",478,274,false],"woocommerce_gallery_thumbnail":["https:\/\/movereon.org\/wp-content\/uploads\/2025\/01\/logo-DE-01-100x100.png",100,100,true]},"uagb_author_info":{"display_name":"JC","author_link":"https:\/\/movereon.org\/de\/author\/loscarsejo\/"},"uagb_comment_info":0,"uagb_excerpt":"Unsere Spanischlehrer sind Experten auf ihrem Gebiet \u2013 alle mit einem Abschluss in spanischer Philologie und viele sogar mit einem Master im Spanischunterricht. Sie sind dynamisch, engagiert und werden gezielt aufgrund ihrer F\u00e4higkeit ausgew\u00e4hlt, mit jungen Erwachsenen zu arbeiten und sie zu begeistern. Das Highlight unseres Unterrichts? Du tauchst komplett in die spanische Sprache ein!&hellip;","_links":{"self":[{"href":"https:\/\/movereon.org\/de\/wp-json\/wp\/v2\/pages\/425","targetHints":{"allow":["GET"]}}],"collection":[{"href":"https:\/\/movereon.org\/de\/wp-json\/wp\/v2\/pages"}],"about":[{"href":"https:\/\/movereon.org\/de\/wp-json\/wp\/v2\/types\/page"}],"author":[{"embeddable":true,"href":"https:\/\/movereon.org\/de\/wp-json\/wp\/v2\/users\/2"}],"replies":[{"embeddable":true,"href":"https:\/\/movereon.org\/de\/wp-json\/wp\/v2\/comments?post=425"}],"version-history":[{"count":22,"href":"https:\/\/movereon.org\/de\/wp-json\/wp\/v2\/pages\/425\/revisions"}],"predecessor-version":[{"id":1001,"href":"https:\/\/movereon.org\/de\/wp-json\/wp\/v2\/pages\/425\/revisions\/1001"}],"up":[{"embeddable":true,"href":"https:\/\/movereon.org\/de\/wp-json\/wp\/v2\/pages\/420"}],"wp:featuredmedia":[{"embeddable":true,"href":"https:\/\/movereon.org\/de\/wp-json\/wp\/v2\/media\/422"}],"wp:attachment":[{"href":"https:\/\/movereon.org\/de\/wp-json\/wp\/v2\/media?parent=425"}],"curies":[{"name":"wp","href":"https:\/\/api.w.org\/{rel}","templated":true}]}}