{"id":427,"date":"2025-01-13T18:43:53","date_gmt":"2025-01-13T17:43:53","guid":{"rendered":"https:\/\/movereon.org\/?page_id=427"},"modified":"2025-02-06T19:30:39","modified_gmt":"2025-02-06T18:30:39","slug":"berufserfahrung","status":"publish","type":"page","link":"https:\/\/movereon.org\/de\/das-programm\/berufserfahrung\/","title":{"rendered":"Berufserfahrung"},"content":{"rendered":"\t\t<div data-elementor-type=\"wp-page\" data-elementor-id=\"427\" class=\"elementor elementor-427\" data-elementor-post-type=\"page\">\n\t\t\t\t<div class=\"elementor-element elementor-element-2de8761 e-flex e-con-boxed e-con e-parent\" data-id=\"2de8761\" data-element_type=\"container\">\n\t\t\t\t\t<div class=\"e-con-inner\">\n\t\t<div class=\"elementor-element elementor-element-4adf1a3 e-con-full e-flex e-con e-child\" data-id=\"4adf1a3\" data-element_type=\"container\">\n\t\t\t\t<div class=\"elementor-element elementor-element-38b7c4b elementor-widget elementor-widget-heading\" data-id=\"38b7c4b\" data-element_type=\"widget\" data-widget_type=\"heading.default\">\n\t\t\t\t<div class=\"elementor-widget-container\">\n\t\t\t\t\t<h2 class=\"elementor-heading-title elementor-size-default\">Berufserfahrung<\/h2>\t\t\t\t<\/div>\n\t\t\t\t<\/div>\n\t\t\t\t<\/div>\n\t\t<div class=\"elementor-element elementor-element-b913c79 e-con-full e-flex e-con e-child\" data-id=\"b913c79\" data-element_type=\"container\" data-settings=\"{&quot;background_background&quot;:&quot;classic&quot;}\">\n\t\t\t\t<\/div>\n\t\t\t\t\t<\/div>\n\t\t\t\t<\/div>\n\t\t<div class=\"elementor-element elementor-element-33ef468 e-flex e-con-boxed e-con e-parent\" data-id=\"33ef468\" data-element_type=\"container\">\n\t\t\t\t\t<div class=\"e-con-inner\">\n\t\t\t\t<div class=\"elementor-element elementor-element-14901ff elementor-widget elementor-widget-heading\" data-id=\"14901ff\" data-element_type=\"widget\" data-widget_type=\"heading.default\">\n\t\t\t\t<div class=\"elementor-widget-container\">\n\t\t\t\t\t<p class=\"elementor-heading-title elementor-size-default\">Deine ersten Schritte in die Arbeitswelt<\/p>\t\t\t\t<\/div>\n\t\t\t\t<\/div>\n\t\t\t\t<div class=\"elementor-element elementor-element-03d5097 elementor-widget elementor-widget-text-editor\" data-id=\"03d5097\" data-element_type=\"widget\" data-widget_type=\"text-editor.default\">\n\t\t\t\t<div class=\"elementor-widget-container\">\n\t\t\t\t\t\t\t\t\t<p>Die Berufserfahrung ist ein grundlegender Bestandteil des Programms und bietet den Teilnehmenden einen ersten echten Einblick in die Berufswelt.<\/p><p>Da die meisten Teilnehmenden mit wenig oder gar keinen Spanischkenntnissen ankommen, werden die Praktika sorgf\u00e4ltig ausgew\u00e4hlt, um sicherzustellen, dass sie den F\u00e4higkeiten und M\u00f6glichkeiten der Teilnehmenden gerecht werden. Aus diesem Grund geh\u00f6ren Positionen in B\u00fcros, Krankenh\u00e4usern oder anderen professionellen Bereichen, die mit den langfristigen Karrierezielen der Teilnehmenden \u00fcbereinstimmen, in der Regel nicht zum Programm. Stattdessen dient diese Erfahrung dazu, in die spanische Kultur einzutauchen und Einblicke in Lebensweisen zu gewinnen, die sich stark von der eigenen unterscheiden.<\/p><p>Der Fokus liegt auf praktischen, pers\u00f6nlichen T\u00e4tigkeiten, die den kulturellen Austausch und die Entwicklung der Pers\u00f6nlichkeit f\u00f6rdern.<\/p>\t\t\t\t\t\t\t\t<\/div>\n\t\t\t\t<\/div>\n\t\t\t\t<div class=\"elementor-element elementor-element-ee1e59b elementor-widget-divider--view-line_icon elementor-view-default elementor-widget-divider--element-align-center elementor-widget elementor-widget-divider\" data-id=\"ee1e59b\" data-element_type=\"widget\" data-widget_type=\"divider.default\">\n\t\t\t\t<div class=\"elementor-widget-container\">\n\t\t\t\t\t\t\t<div class=\"elementor-divider\">\n\t\t\t<span class=\"elementor-divider-separator\">\n\t\t\t\t\t\t\t<div class=\"elementor-icon elementor-divider__element\">\n\t\t\t\t\t<svg aria-hidden=\"true\" class=\"e-font-icon-svg e-fas-business-time\" viewBox=\"0 0 640 512\" xmlns=\"http:\/\/www.w3.org\/2000\/svg\"><path d=\"M496 224c-79.59 0-144 64.41-144 144s64.41 144 144 144 144-64.41 144-144-64.41-144-144-144zm64 150.29c0 5.34-4.37 9.71-9.71 9.71h-60.57c-5.34 0-9.71-4.37-9.71-9.71v-76.57c0-5.34 4.37-9.71 9.71-9.71h12.57c5.34 0 9.71 4.37 9.71 9.71V352h38.29c5.34 0 9.71 4.37 9.71 9.71v12.58zM496 192c5.4 0 10.72.33 16 .81V144c0-25.6-22.4-48-48-48h-80V48c0-25.6-22.4-48-48-48H176c-25.6 0-48 22.4-48 48v48H48c-25.6 0-48 22.4-48 48v80h395.12c28.6-20.09 63.35-32 100.88-32zM320 96H192V64h128v32zm6.82 224H208c-8.84 0-16-7.16-16-16v-48H0v144c0 25.6 22.4 48 48 48h291.43C327.1 423.96 320 396.82 320 368c0-16.66 2.48-32.72 6.82-48z\"><\/path><\/svg><\/div>\n\t\t\t\t\t\t<\/span>\n\t\t<\/div>\n\t\t\t\t\t\t<\/div>\n\t\t\t\t<\/div>\n\t\t\t\t\t<\/div>\n\t\t\t\t<\/div>\n\t\t<div class=\"elementor-element elementor-element-b7dc989 e-flex e-con-boxed e-con e-parent\" data-id=\"b7dc989\" data-element_type=\"container\">\n\t\t\t\t\t<div class=\"e-con-inner\">\n\t\t<div class=\"elementor-element elementor-element-2aa93a7 e-con-full e-flex e-con e-child\" data-id=\"2aa93a7\" data-element_type=\"container\">\n\t\t\t\t<div class=\"elementor-element elementor-element-2e9ec4b elementor-widget elementor-widget-heading\" data-id=\"2e9ec4b\" data-element_type=\"widget\" data-widget_type=\"heading.default\">\n\t\t\t\t<div class=\"elementor-widget-container\">\n\t\t\t\t\t<p class=\"elementor-heading-title elementor-size-default\">Was zu erwarten ist<\/p>\t\t\t\t<\/div>\n\t\t\t\t<\/div>\n\t\t\t\t<div class=\"elementor-element elementor-element-f110841 elementor-widget elementor-widget-text-editor\" data-id=\"f110841\" data-element_type=\"widget\" data-widget_type=\"text-editor.default\">\n\t\t\t\t<div class=\"elementor-widget-container\">\n\t\t\t\t\t\t\t\t\t<p>Es gibt vier Schl\u00fcsselbereiche, in denen sie regelm\u00e4\u00dfig bedeutungsvolle und erfolgreiche Erfahrungen gesammelt haben:<\/p>\n<ol>\n<li><strong>Sommercamps<\/strong><br>Unterst\u00fctzung bei der Organisation von Sportarten, Spielen und Aktivit\u00e4ten f\u00fcr Kinder und Jugendliche \u2013 oft unter Einbeziehung der englischen Sprache.<\/li>\n<li><strong>Gastgewerbe und Tourismus<\/strong><br>Arbeiten als Kellner, K\u00fcchenhilfe oder Reinigungshilfe in lokalen Caf\u00e9s, Restaurants und Hotels.<\/li>\n<li><strong>Ehrenamtliche Arbeit<\/strong><br>Unterst\u00fctzung von lokalen Wohlt\u00e4tigkeitsorganisationen, die jungen M\u00fcttern, Menschen mit Behinderungen oder Jugendprogrammen helfen.<\/li>\n<li><strong>Landwirtschaft und Gartenarbeit<\/strong><br>Mithilfe in lokalen Gartencentern, Zusammenarbeit mit professionellen G\u00e4rtner:innen<\/li>\n<\/ol>\n<p>Individuell abgestimmte Praktika oder Freiwilligenarbeit<\/p>\n<p>Um ein gutes T\u00e4tigkeitsfeld zu finden, kannst du uns deine Interessen und Hobbys w\u00e4hrend des ersten Beratungsgespr\u00e4chs mitteilen. Dies hilft uns, Stellen f\u00fcr die Freiwilligenarbeit zu finden, die eng mit deinen Interessen \u00fcbereinstimmen.<\/p>\t\t\t\t\t\t\t\t<\/div>\n\t\t\t\t<\/div>\n\t\t\t\t<\/div>\n\t\t<div class=\"elementor-element elementor-element-957b9e1 e-con-full e-flex e-con e-child\" data-id=\"957b9e1\" data-element_type=\"container\">\n\t\t\t\t<div class=\"elementor-element elementor-element-874e645 gallery-spacing-custom elementor-widget elementor-widget-image-gallery\" data-id=\"874e645\" data-element_type=\"widget\" data-widget_type=\"image-gallery.default\">\n\t\t\t\t<div class=\"elementor-widget-container\">\n\t\t\t\t\t\t\t<div class=\"elementor-image-gallery\">\n\t\t\t<div id='gallery-1' class='gallery galleryid-427 gallery-columns-1 gallery-size-full'><figure class='gallery-item'>\n\t\t\t<div class='gallery-icon landscape'>\n\t\t\t\t<img fetchpriority=\"high\" decoding=\"async\" width=\"600\" height=\"400\" src=\"https:\/\/movereon.org\/wp-content\/uploads\/2025\/01\/actividades-01.jpg\" class=\"attachment-full size-full\" alt=\"\" aria-describedby=\"gallery-1-609\" srcset=\"https:\/\/movereon.org\/wp-content\/uploads\/2025\/01\/actividades-01.jpg 600w, https:\/\/movereon.org\/wp-content\/uploads\/2025\/01\/actividades-01-300x200.jpg 300w\" sizes=\"(max-width: 600px) 100vw, 600px\" \/>\n\t\t\t<\/div>\n\t\t\t\t<figcaption class='wp-caption-text gallery-caption' id='gallery-1-609'>\n\t\t\t\tSommercamps\n\t\t\t\t<\/figcaption><\/figure><figure class='gallery-item'>\n\t\t\t<div class='gallery-icon landscape'>\n\t\t\t\t<img decoding=\"async\" width=\"600\" height=\"400\" src=\"https:\/\/movereon.org\/wp-content\/uploads\/2025\/01\/actividades-02.jpg\" class=\"attachment-full size-full\" alt=\"\" aria-describedby=\"gallery-1-610\" srcset=\"https:\/\/movereon.org\/wp-content\/uploads\/2025\/01\/actividades-02.jpg 600w, https:\/\/movereon.org\/wp-content\/uploads\/2025\/01\/actividades-02-300x200.jpg 300w\" sizes=\"(max-width: 600px) 100vw, 600px\" \/>\n\t\t\t<\/div>\n\t\t\t\t<figcaption class='wp-caption-text gallery-caption' id='gallery-1-610'>\n\t\t\t\tGastgewerbe und Tourismus\n\t\t\t\t<\/figcaption><\/figure>\n\t\t<\/div>\n\t\t<\/div>\n\t\t\t\t\t\t<\/div>\n\t\t\t\t<\/div>\n\t\t\t\t<\/div>\n\t\t\t\t\t<\/div>\n\t\t\t\t<\/div>\n\t\t<div class=\"elementor-element elementor-element-3de20f0 e-flex e-con-boxed e-con e-parent\" data-id=\"3de20f0\" data-element_type=\"container\">\n\t\t\t\t\t<div class=\"e-con-inner\">\n\t\t\t\t<div class=\"elementor-element elementor-element-ecc8db3 gallery-spacing-custom elementor-widget elementor-widget-image-gallery\" data-id=\"ecc8db3\" data-element_type=\"widget\" data-widget_type=\"image-gallery.default\">\n\t\t\t\t<div class=\"elementor-widget-container\">\n\t\t\t\t\t\t\t<div class=\"elementor-image-gallery\">\n\t\t\t<div id='gallery-2' class='gallery galleryid-427 gallery-columns-2 gallery-size-full'><figure class='gallery-item'>\n\t\t\t<div class='gallery-icon landscape'>\n\t\t\t\t<img decoding=\"async\" width=\"600\" height=\"400\" src=\"https:\/\/movereon.org\/wp-content\/uploads\/2025\/01\/actividades-04.jpg\" class=\"attachment-full size-full\" alt=\"\" aria-describedby=\"gallery-2-611\" srcset=\"https:\/\/movereon.org\/wp-content\/uploads\/2025\/01\/actividades-04.jpg 600w, https:\/\/movereon.org\/wp-content\/uploads\/2025\/01\/actividades-04-300x200.jpg 300w\" sizes=\"(max-width: 600px) 100vw, 600px\" \/>\n\t\t\t<\/div>\n\t\t\t\t<figcaption class='wp-caption-text gallery-caption' id='gallery-2-611'>\n\t\t\t\tVolontariat\n\t\t\t\t<\/figcaption><\/figure><figure class='gallery-item'>\n\t\t\t<div class='gallery-icon landscape'>\n\t\t\t\t<img loading=\"lazy\" decoding=\"async\" width=\"600\" height=\"400\" src=\"https:\/\/movereon.org\/wp-content\/uploads\/2025\/01\/actividades-05.jpg\" class=\"attachment-full size-full\" alt=\"\" aria-describedby=\"gallery-2-612\" srcset=\"https:\/\/movereon.org\/wp-content\/uploads\/2025\/01\/actividades-05.jpg 600w, https:\/\/movereon.org\/wp-content\/uploads\/2025\/01\/actividades-05-300x200.jpg 300w\" sizes=\"(max-width: 600px) 100vw, 600px\" \/>\n\t\t\t<\/div>\n\t\t\t\t<figcaption class='wp-caption-text gallery-caption' id='gallery-2-612'>\n\t\t\t\tLandwirtschaft und Gartenarbeit\n\t\t\t\t<\/figcaption><\/figure>\n\t\t<\/div>\n\t\t<\/div>\n\t\t\t\t\t\t<\/div>\n\t\t\t\t<\/div>\n\t\t\t\t\t<\/div>\n\t\t\t\t<\/div>\n\t\t\t\t<\/div>\n\t\t","protected":false},"excerpt":{"rendered":"<p>Deine ersten Schritte in die Arbeitswelt Die Berufserfahrung ist ein grundlegender Bestandteil des Programms und bietet den Teilnehmenden einen ersten echten Einblick in die Berufswelt. Da die meisten Teilnehmenden mit wenig oder gar keinen Spanischkenntnissen ankommen, werden die Praktika sorgf\u00e4ltig ausgew\u00e4hlt, um sicherzustellen, dass sie den F\u00e4higkeiten und M\u00f6glichkeiten der Teilnehmenden gerecht werden. Aus diesem [&hellip;]<\/p>\n","protected":false},"author":2,"featured_media":422,"parent":420,"menu_order":0,"comment_status":"closed","ping_status":"closed","template":"","meta":{"_uag_custom_page_level_css":"","footnotes":""},"class_list":["post-427","page","type-page","status-publish","has-post-thumbnail","hentry"],"yoast_head":"<!-- This site is optimized with the Yoast SEO plugin v24.4 - https:\/\/yoast.com\/wordpress\/plugins\/seo\/ -->\n<title>Berufserfahrung - Movere On<\/title>\n<meta name=\"robots\" content=\"index, follow, max-snippet:-1, max-image-preview:large, max-video-preview:-1\" \/>\n<link rel=\"canonical\" href=\"https:\/\/movereon.org\/de\/das-programm\/berufserfahrung\/\" \/>\n<meta property=\"og:locale\" content=\"de_DE\" \/>\n<meta property=\"og:type\" content=\"article\" \/>\n<meta property=\"og:title\" content=\"Berufserfahrung - Movere On\" \/>\n<meta property=\"og:description\" content=\"Deine ersten Schritte in die Arbeitswelt Die Berufserfahrung ist ein grundlegender Bestandteil des Programms und bietet den Teilnehmenden einen ersten echten Einblick in die Berufswelt. Da die meisten Teilnehmenden mit wenig oder gar keinen Spanischkenntnissen ankommen, werden die Praktika sorgf\u00e4ltig ausgew\u00e4hlt, um sicherzustellen, dass sie den F\u00e4higkeiten und M\u00f6glichkeiten der Teilnehmenden gerecht werden. Aus diesem [&hellip;]\" \/>\n<meta property=\"og:url\" content=\"https:\/\/movereon.org\/de\/das-programm\/berufserfahrung\/\" \/>\n<meta property=\"og:site_name\" content=\"Movere On\" \/>\n<meta property=\"article:modified_time\" content=\"2025-02-06T18:30:39+00:00\" \/>\n<meta property=\"og:image\" content=\"https:\/\/movereon.org\/wp-content\/uploads\/2025\/01\/logo-DE-01.png\" \/>\n\t<meta property=\"og:image:width\" content=\"478\" \/>\n\t<meta property=\"og:image:height\" content=\"274\" \/>\n\t<meta property=\"og:image:type\" content=\"image\/png\" \/>\n<meta name=\"twitter:card\" content=\"summary_large_image\" \/>\n<meta name=\"twitter:label1\" content=\"Gesch\u00e4tzte Lesezeit\" \/>\n\t<meta name=\"twitter:data1\" content=\"2\u00a0Minuten\" \/>\n<script type=\"application\/ld+json\" class=\"yoast-schema-graph\">{\"@context\":\"https:\/\/schema.org\",\"@graph\":[{\"@type\":\"WebPage\",\"@id\":\"https:\/\/movereon.org\/de\/das-programm\/berufserfahrung\/\",\"url\":\"https:\/\/movereon.org\/de\/das-programm\/berufserfahrung\/\",\"name\":\"Berufserfahrung - Movere On\",\"isPartOf\":{\"@id\":\"https:\/\/movereon.org\/de\/#website\"},\"primaryImageOfPage\":{\"@id\":\"https:\/\/movereon.org\/de\/das-programm\/berufserfahrung\/#primaryimage\"},\"image\":{\"@id\":\"https:\/\/movereon.org\/de\/das-programm\/berufserfahrung\/#primaryimage\"},\"thumbnailUrl\":\"https:\/\/movereon.org\/wp-content\/uploads\/2025\/01\/logo-DE-01.png\",\"datePublished\":\"2025-01-13T17:43:53+00:00\",\"dateModified\":\"2025-02-06T18:30:39+00:00\",\"breadcrumb\":{\"@id\":\"https:\/\/movereon.org\/de\/das-programm\/berufserfahrung\/#breadcrumb\"},\"inLanguage\":\"de\",\"potentialAction\":[{\"@type\":\"ReadAction\",\"target\":[\"https:\/\/movereon.org\/de\/das-programm\/berufserfahrung\/\"]}]},{\"@type\":\"ImageObject\",\"inLanguage\":\"de\",\"@id\":\"https:\/\/movereon.org\/de\/das-programm\/berufserfahrung\/#primaryimage\",\"url\":\"https:\/\/movereon.org\/wp-content\/uploads\/2025\/01\/logo-DE-01.png\",\"contentUrl\":\"https:\/\/movereon.org\/wp-content\/uploads\/2025\/01\/logo-DE-01.png\",\"width\":478,\"height\":274},{\"@type\":\"BreadcrumbList\",\"@id\":\"https:\/\/movereon.org\/de\/das-programm\/berufserfahrung\/#breadcrumb\",\"itemListElement\":[{\"@type\":\"ListItem\",\"position\":1,\"name\":\"Portada\",\"item\":\"https:\/\/movereon.org\/de\/\"},{\"@type\":\"ListItem\",\"position\":2,\"name\":\"Das Programm\",\"item\":\"https:\/\/movereon.org\/de\/das-programm\/\"},{\"@type\":\"ListItem\",\"position\":3,\"name\":\"Berufserfahrung\"}]},{\"@type\":\"WebSite\",\"@id\":\"https:\/\/movereon.org\/de\/#website\",\"url\":\"https:\/\/movereon.org\/de\/\",\"name\":\"Movere On\",\"description\":\"Filling the Gap Right!\",\"publisher\":{\"@id\":\"https:\/\/movereon.org\/de\/#organization\"},\"potentialAction\":[{\"@type\":\"SearchAction\",\"target\":{\"@type\":\"EntryPoint\",\"urlTemplate\":\"https:\/\/movereon.org\/de\/?s={search_term_string}\"},\"query-input\":{\"@type\":\"PropertyValueSpecification\",\"valueRequired\":true,\"valueName\":\"search_term_string\"}}],\"inLanguage\":\"de\"},{\"@type\":\"Organization\",\"@id\":\"https:\/\/movereon.org\/de\/#organization\",\"name\":\"Movere On\",\"url\":\"https:\/\/movereon.org\/de\/\",\"logo\":{\"@type\":\"ImageObject\",\"inLanguage\":\"de\",\"@id\":\"https:\/\/movereon.org\/de\/#\/schema\/logo\/image\/\",\"url\":\"https:\/\/movereon.org\/wp-content\/uploads\/2025\/01\/logo-DE-01.png\",\"contentUrl\":\"https:\/\/movereon.org\/wp-content\/uploads\/2025\/01\/logo-DE-01.png\",\"width\":478,\"height\":274,\"caption\":\"Movere On\"},\"image\":{\"@id\":\"https:\/\/movereon.org\/de\/#\/schema\/logo\/image\/\"}}]}<\/script>\n<!-- \/ Yoast SEO plugin. -->","yoast_head_json":{"title":"Berufserfahrung - Movere On","robots":{"index":"index","follow":"follow","max-snippet":"max-snippet:-1","max-image-preview":"max-image-preview:large","max-video-preview":"max-video-preview:-1"},"canonical":"https:\/\/movereon.org\/de\/das-programm\/berufserfahrung\/","og_locale":"de_DE","og_type":"article","og_title":"Berufserfahrung - Movere On","og_description":"Deine ersten Schritte in die Arbeitswelt Die Berufserfahrung ist ein grundlegender Bestandteil des Programms und bietet den Teilnehmenden einen ersten echten Einblick in die Berufswelt. Da die meisten Teilnehmenden mit wenig oder gar keinen Spanischkenntnissen ankommen, werden die Praktika sorgf\u00e4ltig ausgew\u00e4hlt, um sicherzustellen, dass sie den F\u00e4higkeiten und M\u00f6glichkeiten der Teilnehmenden gerecht werden. Aus diesem [&hellip;]","og_url":"https:\/\/movereon.org\/de\/das-programm\/berufserfahrung\/","og_site_name":"Movere On","article_modified_time":"2025-02-06T18:30:39+00:00","og_image":[{"width":478,"height":274,"url":"https:\/\/movereon.org\/wp-content\/uploads\/2025\/01\/logo-DE-01.png","type":"image\/png"}],"twitter_card":"summary_large_image","twitter_misc":{"Gesch\u00e4tzte Lesezeit":"2\u00a0Minuten"},"schema":{"@context":"https:\/\/schema.org","@graph":[{"@type":"WebPage","@id":"https:\/\/movereon.org\/de\/das-programm\/berufserfahrung\/","url":"https:\/\/movereon.org\/de\/das-programm\/berufserfahrung\/","name":"Berufserfahrung - Movere On","isPartOf":{"@id":"https:\/\/movereon.org\/de\/#website"},"primaryImageOfPage":{"@id":"https:\/\/movereon.org\/de\/das-programm\/berufserfahrung\/#primaryimage"},"image":{"@id":"https:\/\/movereon.org\/de\/das-programm\/berufserfahrung\/#primaryimage"},"thumbnailUrl":"https:\/\/movereon.org\/wp-content\/uploads\/2025\/01\/logo-DE-01.png","datePublished":"2025-01-13T17:43:53+00:00","dateModified":"2025-02-06T18:30:39+00:00","breadcrumb":{"@id":"https:\/\/movereon.org\/de\/das-programm\/berufserfahrung\/#breadcrumb"},"inLanguage":"de","potentialAction":[{"@type":"ReadAction","target":["https:\/\/movereon.org\/de\/das-programm\/berufserfahrung\/"]}]},{"@type":"ImageObject","inLanguage":"de","@id":"https:\/\/movereon.org\/de\/das-programm\/berufserfahrung\/#primaryimage","url":"https:\/\/movereon.org\/wp-content\/uploads\/2025\/01\/logo-DE-01.png","contentUrl":"https:\/\/movereon.org\/wp-content\/uploads\/2025\/01\/logo-DE-01.png","width":478,"height":274},{"@type":"BreadcrumbList","@id":"https:\/\/movereon.org\/de\/das-programm\/berufserfahrung\/#breadcrumb","itemListElement":[{"@type":"ListItem","position":1,"name":"Portada","item":"https:\/\/movereon.org\/de\/"},{"@type":"ListItem","position":2,"name":"Das Programm","item":"https:\/\/movereon.org\/de\/das-programm\/"},{"@type":"ListItem","position":3,"name":"Berufserfahrung"}]},{"@type":"WebSite","@id":"https:\/\/movereon.org\/de\/#website","url":"https:\/\/movereon.org\/de\/","name":"Movere On","description":"Filling the Gap Right!","publisher":{"@id":"https:\/\/movereon.org\/de\/#organization"},"potentialAction":[{"@type":"SearchAction","target":{"@type":"EntryPoint","urlTemplate":"https:\/\/movereon.org\/de\/?s={search_term_string}"},"query-input":{"@type":"PropertyValueSpecification","valueRequired":true,"valueName":"search_term_string"}}],"inLanguage":"de"},{"@type":"Organization","@id":"https:\/\/movereon.org\/de\/#organization","name":"Movere On","url":"https:\/\/movereon.org\/de\/","logo":{"@type":"ImageObject","inLanguage":"de","@id":"https:\/\/movereon.org\/de\/#\/schema\/logo\/image\/","url":"https:\/\/movereon.org\/wp-content\/uploads\/2025\/01\/logo-DE-01.png","contentUrl":"https:\/\/movereon.org\/wp-content\/uploads\/2025\/01\/logo-DE-01.png","width":478,"height":274,"caption":"Movere On"},"image":{"@id":"https:\/\/movereon.org\/de\/#\/schema\/logo\/image\/"}}]}},"uagb_featured_image_src":{"full":["https:\/\/movereon.org\/wp-content\/uploads\/2025\/01\/logo-DE-01.png",478,274,false],"thumbnail":["https:\/\/movereon.org\/wp-content\/uploads\/2025\/01\/logo-DE-01-150x150.png",150,150,true],"medium":["https:\/\/movereon.org\/wp-content\/uploads\/2025\/01\/logo-DE-01-300x172.png",300,172,true],"medium_large":["https:\/\/movereon.org\/wp-content\/uploads\/2025\/01\/logo-DE-01.png",478,274,false],"large":["https:\/\/movereon.org\/wp-content\/uploads\/2025\/01\/logo-DE-01.png",478,274,false],"1536x1536":["https:\/\/movereon.org\/wp-content\/uploads\/2025\/01\/logo-DE-01.png",478,274,false],"2048x2048":["https:\/\/movereon.org\/wp-content\/uploads\/2025\/01\/logo-DE-01.png",478,274,false],"woocommerce_thumbnail":["https:\/\/movereon.org\/wp-content\/uploads\/2025\/01\/logo-DE-01-300x274.png",300,274,true],"woocommerce_single":["https:\/\/movereon.org\/wp-content\/uploads\/2025\/01\/logo-DE-01.png",478,274,false],"woocommerce_gallery_thumbnail":["https:\/\/movereon.org\/wp-content\/uploads\/2025\/01\/logo-DE-01-100x100.png",100,100,true]},"uagb_author_info":{"display_name":"JC","author_link":"https:\/\/movereon.org\/de\/author\/loscarsejo\/"},"uagb_comment_info":0,"uagb_excerpt":"Deine ersten Schritte in die Arbeitswelt Die Berufserfahrung ist ein grundlegender Bestandteil des Programms und bietet den Teilnehmenden einen ersten echten Einblick in die Berufswelt. Da die meisten Teilnehmenden mit wenig oder gar keinen Spanischkenntnissen ankommen, werden die Praktika sorgf\u00e4ltig ausgew\u00e4hlt, um sicherzustellen, dass sie den F\u00e4higkeiten und M\u00f6glichkeiten der Teilnehmenden gerecht werden. Aus diesem&hellip;","_links":{"self":[{"href":"https:\/\/movereon.org\/de\/wp-json\/wp\/v2\/pages\/427","targetHints":{"allow":["GET"]}}],"collection":[{"href":"https:\/\/movereon.org\/de\/wp-json\/wp\/v2\/pages"}],"about":[{"href":"https:\/\/movereon.org\/de\/wp-json\/wp\/v2\/types\/page"}],"author":[{"embeddable":true,"href":"https:\/\/movereon.org\/de\/wp-json\/wp\/v2\/users\/2"}],"replies":[{"embeddable":true,"href":"https:\/\/movereon.org\/de\/wp-json\/wp\/v2\/comments?post=427"}],"version-history":[{"count":44,"href":"https:\/\/movereon.org\/de\/wp-json\/wp\/v2\/pages\/427\/revisions"}],"predecessor-version":[{"id":1036,"href":"https:\/\/movereon.org\/de\/wp-json\/wp\/v2\/pages\/427\/revisions\/1036"}],"up":[{"embeddable":true,"href":"https:\/\/movereon.org\/de\/wp-json\/wp\/v2\/pages\/420"}],"wp:featuredmedia":[{"embeddable":true,"href":"https:\/\/movereon.org\/de\/wp-json\/wp\/v2\/media\/422"}],"wp:attachment":[{"href":"https:\/\/movereon.org\/de\/wp-json\/wp\/v2\/media?parent=427"}],"curies":[{"name":"wp","href":"https:\/\/api.w.org\/{rel}","templated":true}]}}