{"id":429,"date":"2025-01-13T18:46:24","date_gmt":"2025-01-13T17:46:24","guid":{"rendered":"https:\/\/movereon.org\/?page_id=429"},"modified":"2025-02-06T00:10:25","modified_gmt":"2025-02-05T23:10:25","slug":"unterkunft","status":"publish","type":"page","link":"https:\/\/movereon.org\/de\/das-programm\/unterkunft\/","title":{"rendered":"Unterkunft"},"content":{"rendered":"\t\t<div data-elementor-type=\"wp-page\" data-elementor-id=\"429\" class=\"elementor elementor-429\" data-elementor-post-type=\"page\">\n\t\t\t\t<div class=\"elementor-element elementor-element-e2409c1 e-flex e-con-boxed e-con e-parent\" data-id=\"e2409c1\" data-element_type=\"container\">\n\t\t\t\t\t<div class=\"e-con-inner\">\n\t\t<div class=\"elementor-element elementor-element-d86c44c e-con-full e-flex e-con e-child\" data-id=\"d86c44c\" data-element_type=\"container\">\n\t\t\t\t<div class=\"elementor-element elementor-element-727ea09 elementor-widget elementor-widget-heading\" data-id=\"727ea09\" data-element_type=\"widget\" data-widget_type=\"heading.default\">\n\t\t\t\t<div class=\"elementor-widget-container\">\n\t\t\t\t\t<h2 class=\"elementor-heading-title elementor-size-default\">Unterkunft<\/h2>\t\t\t\t<\/div>\n\t\t\t\t<\/div>\n\t\t\t\t<\/div>\n\t\t<div class=\"elementor-element elementor-element-f0c546b e-con-full e-flex e-con e-child\" data-id=\"f0c546b\" data-element_type=\"container\" data-settings=\"{&quot;background_background&quot;:&quot;classic&quot;}\">\n\t\t\t\t<\/div>\n\t\t\t\t\t<\/div>\n\t\t\t\t<\/div>\n\t\t<div class=\"elementor-element elementor-element-d5024bc e-flex e-con-boxed e-con e-parent\" data-id=\"d5024bc\" data-element_type=\"container\">\n\t\t\t\t\t<div class=\"e-con-inner\">\n\t\t<div class=\"elementor-element elementor-element-3559769 e-con-full e-flex e-con e-child\" data-id=\"3559769\" data-element_type=\"container\">\n\t\t\t\t<div class=\"elementor-element elementor-element-45ef100 elementor-widget elementor-widget-text-editor\" data-id=\"45ef100\" data-element_type=\"widget\" data-widget_type=\"text-editor.default\">\n\t\t\t\t<div class=\"elementor-widget-container\">\n\t\t\t\t\t\t\t\t\t<ul><li><strong>Art der Unterkunft<\/strong>: Selbstversorger-Wohnungen<\/li><li><strong>Lage<\/strong>: In der Regel in Gehweite von <strong>LOLA Languages<\/strong> (wo der Unterricht stattfindet). Arbeitspl\u00e4tze k\u00f6nnen jedoch in verschiedenen Bereichen von Salamanca oder in der Umgebung liegen, weshalb die Kandidaten bereit sein sollten, \u00f6ffentliche Verkehrsmittel oder ein Fahrrad zu nutzen (beides wird zur Verf\u00fcgung gestellt).<\/li><\/ul>\t\t\t\t\t\t\t\t<\/div>\n\t\t\t\t<\/div>\n\t\t\t\t<div class=\"elementor-element elementor-element-a283381 elementor-widget elementor-widget-heading\" data-id=\"a283381\" data-element_type=\"widget\" data-widget_type=\"heading.default\">\n\t\t\t\t<div class=\"elementor-widget-container\">\n\t\t\t\t\t<p class=\"elementor-heading-title elementor-size-default\">Ausstattung der Wohnung<\/p>\t\t\t\t<\/div>\n\t\t\t\t<\/div>\n\t\t\t\t<div class=\"elementor-element elementor-element-68aa4da elementor-widget elementor-widget-text-editor\" data-id=\"68aa4da\" data-element_type=\"widget\" data-widget_type=\"text-editor.default\">\n\t\t\t\t<div class=\"elementor-widget-container\">\n\t\t\t\t\t\t\t\t\t<ul><li><strong>Gemeinschaftsr\u00e4ume:<br \/><\/strong><strong style=\"font-size: 16px;\">&#8211; Badezimmer<\/strong><span style=\"font-size: 16px;\">: Ein gemeinsames Badezimmer<br \/><\/span><strong style=\"font-size: 16px;\">&#8211; K\u00fcche<\/strong><span style=\"font-size: 16px;\">: Eine gemeinsame K\u00fcche<br \/><\/span><strong style=\"font-size: 16px;\">&#8211; Wohnzimmer<\/strong><span style=\"font-size: 16px;\">: Ein gemeinsames Wohnzimmer<br \/><br \/><\/span><\/li><li><strong>Private R\u00e4ume:<br \/><\/strong><strong style=\"font-size: 16px;\">&#8211; Schlafzimmer<\/strong><span style=\"font-size: 16px;\">: In der Regel 3 oder 4 pro Wohnung<\/span><\/li><\/ul>\t\t\t\t\t\t\t\t<\/div>\n\t\t\t\t<\/div>\n\t\t\t\t<\/div>\n\t\t<div class=\"elementor-element elementor-element-618da10 e-con-full e-flex e-con e-child\" data-id=\"618da10\" data-element_type=\"container\" data-settings=\"{&quot;background_background&quot;:&quot;classic&quot;}\">\n\t\t\t\t<\/div>\n\t\t\t\t\t<\/div>\n\t\t\t\t<\/div>\n\t\t<div class=\"elementor-element elementor-element-5ce0c50 e-flex e-con-boxed e-con e-parent\" data-id=\"5ce0c50\" data-element_type=\"container\">\n\t\t\t\t\t<div class=\"e-con-inner\">\n\t\t<div class=\"elementor-element elementor-element-38ea5ea e-con-full e-flex e-con e-child\" data-id=\"38ea5ea\" data-element_type=\"container\" data-settings=\"{&quot;background_background&quot;:&quot;classic&quot;}\">\n\t\t\t\t<\/div>\n\t\t<div class=\"elementor-element elementor-element-a9f55d6 e-con-full e-flex e-con e-child\" data-id=\"a9f55d6\" data-element_type=\"container\">\n\t\t\t\t<div class=\"elementor-element elementor-element-17f0efc elementor-widget elementor-widget-heading\" data-id=\"17f0efc\" data-element_type=\"widget\" data-widget_type=\"heading.default\">\n\t\t\t\t<div class=\"elementor-widget-container\">\n\t\t\t\t\t<p class=\"elementor-heading-title elementor-size-default\">Ausstattung der Wohnungen:<\/p>\t\t\t\t<\/div>\n\t\t\t\t<\/div>\n\t\t\t\t<div class=\"elementor-element elementor-element-caf83ee elementor-widget elementor-widget-text-editor\" data-id=\"caf83ee\" data-element_type=\"widget\" data-widget_type=\"text-editor.default\">\n\t\t\t\t<div class=\"elementor-widget-container\">\n\t\t\t\t\t\t\t\t\t<ul><li><strong>Bettw\u00e4sche<\/strong>: Bettw\u00e4sche, Decken\/Daunenbett und Kissen (Handt\u00fccher sind nicht enthalten, da sie als pers\u00f6nliche Gegenst\u00e4nde gelten\u2014Kandidaten sollten ihre eigenen mitbringen).<\/li><li><strong>Reinigung<\/strong>: Die Wohnungen sind bei der Ankunft sauber.<\/li><li><strong>Sonstiges<\/strong>:<br \/>&#8211; WIFI<br \/>&#8211; Fernseher<br \/>&#8211; Waschmaschine<br \/>&#8211; Kaffeemaschine<br \/>&#8211; Ventilator (in jedem Zimmer)<br \/>&#8211; Reinigungsmittel<\/li><\/ul><p><strong>Zus\u00e4tzliche Einrichtungen:<\/strong><\/p><ul><li><strong>H\u00e4ufige Ger\u00e4te<\/strong>: Die meisten Wohnungen bieten einen Toaster und einen Wasserkocher (dies ist in Spanien eher un\u00fcblich, aber auf Anfrage erh\u00e4ltlich).<\/li><li>Die Wohnungen <strong style=\"font-size: 16px;\">haben in der Regel keine Klimaanlage<\/strong><\/li><\/ul>\t\t\t\t\t\t\t\t<\/div>\n\t\t\t\t<\/div>\n\t\t\t\t<div class=\"elementor-element elementor-element-878dc0b elementor-widget elementor-widget-heading\" data-id=\"878dc0b\" data-element_type=\"widget\" data-widget_type=\"heading.default\">\n\t\t\t\t<div class=\"elementor-widget-container\">\n\t\t\t\t\t<p class=\"elementor-heading-title elementor-size-default\">Mitbewohner:<\/p>\t\t\t\t<\/div>\n\t\t\t\t<\/div>\n\t\t\t\t<div class=\"elementor-element elementor-element-edc9bd4 elementor-widget elementor-widget-text-editor\" data-id=\"edc9bd4\" data-element_type=\"widget\" data-widget_type=\"text-editor.default\">\n\t\t\t\t<div class=\"elementor-widget-container\">\n\t\t\t\t\t\t\t\t\t<ul><li><strong>M\u00f6gliche Mitbewohner<\/strong>:<br \/>&#8211; Andere MOVERE ON &#8211; Teilnehmende<br \/>&#8211; Student\/innen oder Arbeitst\u00e4tige aus Salamanca<\/li><\/ul><ul><li><strong>W\u00fcnsche, die man \u00e4u\u00dfern kann<\/strong>:<br \/>&#8211; Wunsch, mit Freunden zusammenzuleben (Zimmerteilung bietet einen kleinen Rabatt)<br \/>&#8211; Nichtraucher-Wohnungen<br \/>&#8211; Die Wohnungen sind gemischtgeschlechtlich<\/li><\/ul>\t\t\t\t\t\t\t\t<\/div>\n\t\t\t\t<\/div>\n\t\t\t\t<\/div>\n\t\t\t\t\t<\/div>\n\t\t\t\t<\/div>\n\t\t\t\t<\/div>\n\t\t","protected":false},"excerpt":{"rendered":"<p>Art der Unterkunft: Selbstversorger-Wohnungen Lage: In der Regel in Gehweite von LOLA Languages (wo der Unterricht stattfindet). Arbeitspl\u00e4tze k\u00f6nnen jedoch in verschiedenen Bereichen von Salamanca oder in der Umgebung liegen, weshalb die Kandidaten bereit sein sollten, \u00f6ffentliche Verkehrsmittel oder ein Fahrrad zu nutzen (beides wird zur Verf\u00fcgung gestellt). Ausstattung der Wohnung Gemeinschaftsr\u00e4ume:&#8211; Badezimmer: Ein gemeinsames [&hellip;]<\/p>\n","protected":false},"author":2,"featured_media":422,"parent":420,"menu_order":0,"comment_status":"closed","ping_status":"closed","template":"","meta":{"_uag_custom_page_level_css":"","footnotes":""},"class_list":["post-429","page","type-page","status-publish","has-post-thumbnail","hentry"],"yoast_head":"<!-- This site is optimized with the Yoast SEO plugin v24.4 - https:\/\/yoast.com\/wordpress\/plugins\/seo\/ -->\n<title>Unterkunft - Movere On<\/title>\n<meta name=\"robots\" content=\"index, follow, max-snippet:-1, max-image-preview:large, max-video-preview:-1\" \/>\n<link rel=\"canonical\" href=\"https:\/\/movereon.org\/de\/das-programm\/unterkunft\/\" \/>\n<meta property=\"og:locale\" content=\"de_DE\" \/>\n<meta property=\"og:type\" content=\"article\" \/>\n<meta property=\"og:title\" content=\"Unterkunft - Movere On\" \/>\n<meta property=\"og:description\" content=\"Art der Unterkunft: Selbstversorger-Wohnungen Lage: In der Regel in Gehweite von LOLA Languages (wo der Unterricht stattfindet). Arbeitspl\u00e4tze k\u00f6nnen jedoch in verschiedenen Bereichen von Salamanca oder in der Umgebung liegen, weshalb die Kandidaten bereit sein sollten, \u00f6ffentliche Verkehrsmittel oder ein Fahrrad zu nutzen (beides wird zur Verf\u00fcgung gestellt). Ausstattung der Wohnung Gemeinschaftsr\u00e4ume:&#8211; Badezimmer: Ein gemeinsames [&hellip;]\" \/>\n<meta property=\"og:url\" content=\"https:\/\/movereon.org\/de\/das-programm\/unterkunft\/\" \/>\n<meta property=\"og:site_name\" content=\"Movere On\" \/>\n<meta property=\"article:modified_time\" content=\"2025-02-05T23:10:25+00:00\" \/>\n<meta property=\"og:image\" content=\"https:\/\/movereon.org\/wp-content\/uploads\/2025\/01\/logo-DE-01.png\" \/>\n\t<meta property=\"og:image:width\" content=\"478\" \/>\n\t<meta property=\"og:image:height\" content=\"274\" \/>\n\t<meta property=\"og:image:type\" content=\"image\/png\" \/>\n<meta name=\"twitter:card\" content=\"summary_large_image\" \/>\n<meta name=\"twitter:label1\" content=\"Gesch\u00e4tzte Lesezeit\" \/>\n\t<meta name=\"twitter:data1\" content=\"1\u00a0Minute\" \/>\n<script type=\"application\/ld+json\" class=\"yoast-schema-graph\">{\"@context\":\"https:\/\/schema.org\",\"@graph\":[{\"@type\":\"WebPage\",\"@id\":\"https:\/\/movereon.org\/de\/das-programm\/unterkunft\/\",\"url\":\"https:\/\/movereon.org\/de\/das-programm\/unterkunft\/\",\"name\":\"Unterkunft - Movere On\",\"isPartOf\":{\"@id\":\"https:\/\/movereon.org\/de\/#website\"},\"primaryImageOfPage\":{\"@id\":\"https:\/\/movereon.org\/de\/das-programm\/unterkunft\/#primaryimage\"},\"image\":{\"@id\":\"https:\/\/movereon.org\/de\/das-programm\/unterkunft\/#primaryimage\"},\"thumbnailUrl\":\"https:\/\/movereon.org\/wp-content\/uploads\/2025\/01\/logo-DE-01.png\",\"datePublished\":\"2025-01-13T17:46:24+00:00\",\"dateModified\":\"2025-02-05T23:10:25+00:00\",\"breadcrumb\":{\"@id\":\"https:\/\/movereon.org\/de\/das-programm\/unterkunft\/#breadcrumb\"},\"inLanguage\":\"de\",\"potentialAction\":[{\"@type\":\"ReadAction\",\"target\":[\"https:\/\/movereon.org\/de\/das-programm\/unterkunft\/\"]}]},{\"@type\":\"ImageObject\",\"inLanguage\":\"de\",\"@id\":\"https:\/\/movereon.org\/de\/das-programm\/unterkunft\/#primaryimage\",\"url\":\"https:\/\/movereon.org\/wp-content\/uploads\/2025\/01\/logo-DE-01.png\",\"contentUrl\":\"https:\/\/movereon.org\/wp-content\/uploads\/2025\/01\/logo-DE-01.png\",\"width\":478,\"height\":274},{\"@type\":\"BreadcrumbList\",\"@id\":\"https:\/\/movereon.org\/de\/das-programm\/unterkunft\/#breadcrumb\",\"itemListElement\":[{\"@type\":\"ListItem\",\"position\":1,\"name\":\"Portada\",\"item\":\"https:\/\/movereon.org\/de\/\"},{\"@type\":\"ListItem\",\"position\":2,\"name\":\"Das Programm\",\"item\":\"https:\/\/movereon.org\/de\/das-programm\/\"},{\"@type\":\"ListItem\",\"position\":3,\"name\":\"Unterkunft\"}]},{\"@type\":\"WebSite\",\"@id\":\"https:\/\/movereon.org\/de\/#website\",\"url\":\"https:\/\/movereon.org\/de\/\",\"name\":\"Movere On\",\"description\":\"Filling the Gap Right!\",\"publisher\":{\"@id\":\"https:\/\/movereon.org\/de\/#organization\"},\"potentialAction\":[{\"@type\":\"SearchAction\",\"target\":{\"@type\":\"EntryPoint\",\"urlTemplate\":\"https:\/\/movereon.org\/de\/?s={search_term_string}\"},\"query-input\":{\"@type\":\"PropertyValueSpecification\",\"valueRequired\":true,\"valueName\":\"search_term_string\"}}],\"inLanguage\":\"de\"},{\"@type\":\"Organization\",\"@id\":\"https:\/\/movereon.org\/de\/#organization\",\"name\":\"Movere On\",\"url\":\"https:\/\/movereon.org\/de\/\",\"logo\":{\"@type\":\"ImageObject\",\"inLanguage\":\"de\",\"@id\":\"https:\/\/movereon.org\/de\/#\/schema\/logo\/image\/\",\"url\":\"https:\/\/movereon.org\/wp-content\/uploads\/2025\/01\/logo-DE-01.png\",\"contentUrl\":\"https:\/\/movereon.org\/wp-content\/uploads\/2025\/01\/logo-DE-01.png\",\"width\":478,\"height\":274,\"caption\":\"Movere On\"},\"image\":{\"@id\":\"https:\/\/movereon.org\/de\/#\/schema\/logo\/image\/\"}}]}<\/script>\n<!-- \/ Yoast SEO plugin. -->","yoast_head_json":{"title":"Unterkunft - Movere On","robots":{"index":"index","follow":"follow","max-snippet":"max-snippet:-1","max-image-preview":"max-image-preview:large","max-video-preview":"max-video-preview:-1"},"canonical":"https:\/\/movereon.org\/de\/das-programm\/unterkunft\/","og_locale":"de_DE","og_type":"article","og_title":"Unterkunft - Movere On","og_description":"Art der Unterkunft: Selbstversorger-Wohnungen Lage: In der Regel in Gehweite von LOLA Languages (wo der Unterricht stattfindet). Arbeitspl\u00e4tze k\u00f6nnen jedoch in verschiedenen Bereichen von Salamanca oder in der Umgebung liegen, weshalb die Kandidaten bereit sein sollten, \u00f6ffentliche Verkehrsmittel oder ein Fahrrad zu nutzen (beides wird zur Verf\u00fcgung gestellt). Ausstattung der Wohnung Gemeinschaftsr\u00e4ume:&#8211; Badezimmer: Ein gemeinsames [&hellip;]","og_url":"https:\/\/movereon.org\/de\/das-programm\/unterkunft\/","og_site_name":"Movere On","article_modified_time":"2025-02-05T23:10:25+00:00","og_image":[{"width":478,"height":274,"url":"https:\/\/movereon.org\/wp-content\/uploads\/2025\/01\/logo-DE-01.png","type":"image\/png"}],"twitter_card":"summary_large_image","twitter_misc":{"Gesch\u00e4tzte Lesezeit":"1\u00a0Minute"},"schema":{"@context":"https:\/\/schema.org","@graph":[{"@type":"WebPage","@id":"https:\/\/movereon.org\/de\/das-programm\/unterkunft\/","url":"https:\/\/movereon.org\/de\/das-programm\/unterkunft\/","name":"Unterkunft - Movere On","isPartOf":{"@id":"https:\/\/movereon.org\/de\/#website"},"primaryImageOfPage":{"@id":"https:\/\/movereon.org\/de\/das-programm\/unterkunft\/#primaryimage"},"image":{"@id":"https:\/\/movereon.org\/de\/das-programm\/unterkunft\/#primaryimage"},"thumbnailUrl":"https:\/\/movereon.org\/wp-content\/uploads\/2025\/01\/logo-DE-01.png","datePublished":"2025-01-13T17:46:24+00:00","dateModified":"2025-02-05T23:10:25+00:00","breadcrumb":{"@id":"https:\/\/movereon.org\/de\/das-programm\/unterkunft\/#breadcrumb"},"inLanguage":"de","potentialAction":[{"@type":"ReadAction","target":["https:\/\/movereon.org\/de\/das-programm\/unterkunft\/"]}]},{"@type":"ImageObject","inLanguage":"de","@id":"https:\/\/movereon.org\/de\/das-programm\/unterkunft\/#primaryimage","url":"https:\/\/movereon.org\/wp-content\/uploads\/2025\/01\/logo-DE-01.png","contentUrl":"https:\/\/movereon.org\/wp-content\/uploads\/2025\/01\/logo-DE-01.png","width":478,"height":274},{"@type":"BreadcrumbList","@id":"https:\/\/movereon.org\/de\/das-programm\/unterkunft\/#breadcrumb","itemListElement":[{"@type":"ListItem","position":1,"name":"Portada","item":"https:\/\/movereon.org\/de\/"},{"@type":"ListItem","position":2,"name":"Das Programm","item":"https:\/\/movereon.org\/de\/das-programm\/"},{"@type":"ListItem","position":3,"name":"Unterkunft"}]},{"@type":"WebSite","@id":"https:\/\/movereon.org\/de\/#website","url":"https:\/\/movereon.org\/de\/","name":"Movere On","description":"Filling the Gap Right!","publisher":{"@id":"https:\/\/movereon.org\/de\/#organization"},"potentialAction":[{"@type":"SearchAction","target":{"@type":"EntryPoint","urlTemplate":"https:\/\/movereon.org\/de\/?s={search_term_string}"},"query-input":{"@type":"PropertyValueSpecification","valueRequired":true,"valueName":"search_term_string"}}],"inLanguage":"de"},{"@type":"Organization","@id":"https:\/\/movereon.org\/de\/#organization","name":"Movere On","url":"https:\/\/movereon.org\/de\/","logo":{"@type":"ImageObject","inLanguage":"de","@id":"https:\/\/movereon.org\/de\/#\/schema\/logo\/image\/","url":"https:\/\/movereon.org\/wp-content\/uploads\/2025\/01\/logo-DE-01.png","contentUrl":"https:\/\/movereon.org\/wp-content\/uploads\/2025\/01\/logo-DE-01.png","width":478,"height":274,"caption":"Movere On"},"image":{"@id":"https:\/\/movereon.org\/de\/#\/schema\/logo\/image\/"}}]}},"uagb_featured_image_src":{"full":["https:\/\/movereon.org\/wp-content\/uploads\/2025\/01\/logo-DE-01.png",478,274,false],"thumbnail":["https:\/\/movereon.org\/wp-content\/uploads\/2025\/01\/logo-DE-01-150x150.png",150,150,true],"medium":["https:\/\/movereon.org\/wp-content\/uploads\/2025\/01\/logo-DE-01-300x172.png",300,172,true],"medium_large":["https:\/\/movereon.org\/wp-content\/uploads\/2025\/01\/logo-DE-01.png",478,274,false],"large":["https:\/\/movereon.org\/wp-content\/uploads\/2025\/01\/logo-DE-01.png",478,274,false],"1536x1536":["https:\/\/movereon.org\/wp-content\/uploads\/2025\/01\/logo-DE-01.png",478,274,false],"2048x2048":["https:\/\/movereon.org\/wp-content\/uploads\/2025\/01\/logo-DE-01.png",478,274,false],"woocommerce_thumbnail":["https:\/\/movereon.org\/wp-content\/uploads\/2025\/01\/logo-DE-01-300x274.png",300,274,true],"woocommerce_single":["https:\/\/movereon.org\/wp-content\/uploads\/2025\/01\/logo-DE-01.png",478,274,false],"woocommerce_gallery_thumbnail":["https:\/\/movereon.org\/wp-content\/uploads\/2025\/01\/logo-DE-01-100x100.png",100,100,true]},"uagb_author_info":{"display_name":"JC","author_link":"https:\/\/movereon.org\/de\/author\/loscarsejo\/"},"uagb_comment_info":0,"uagb_excerpt":"Art der Unterkunft: Selbstversorger-Wohnungen Lage: In der Regel in Gehweite von LOLA Languages (wo der Unterricht stattfindet). Arbeitspl\u00e4tze k\u00f6nnen jedoch in verschiedenen Bereichen von Salamanca oder in der Umgebung liegen, weshalb die Kandidaten bereit sein sollten, \u00f6ffentliche Verkehrsmittel oder ein Fahrrad zu nutzen (beides wird zur Verf\u00fcgung gestellt). Ausstattung der Wohnung Gemeinschaftsr\u00e4ume:&#8211; Badezimmer: Ein gemeinsames&hellip;","_links":{"self":[{"href":"https:\/\/movereon.org\/de\/wp-json\/wp\/v2\/pages\/429","targetHints":{"allow":["GET"]}}],"collection":[{"href":"https:\/\/movereon.org\/de\/wp-json\/wp\/v2\/pages"}],"about":[{"href":"https:\/\/movereon.org\/de\/wp-json\/wp\/v2\/types\/page"}],"author":[{"embeddable":true,"href":"https:\/\/movereon.org\/de\/wp-json\/wp\/v2\/users\/2"}],"replies":[{"embeddable":true,"href":"https:\/\/movereon.org\/de\/wp-json\/wp\/v2\/comments?post=429"}],"version-history":[{"count":34,"href":"https:\/\/movereon.org\/de\/wp-json\/wp\/v2\/pages\/429\/revisions"}],"predecessor-version":[{"id":1004,"href":"https:\/\/movereon.org\/de\/wp-json\/wp\/v2\/pages\/429\/revisions\/1004"}],"up":[{"embeddable":true,"href":"https:\/\/movereon.org\/de\/wp-json\/wp\/v2\/pages\/420"}],"wp:featuredmedia":[{"embeddable":true,"href":"https:\/\/movereon.org\/de\/wp-json\/wp\/v2\/media\/422"}],"wp:attachment":[{"href":"https:\/\/movereon.org\/de\/wp-json\/wp\/v2\/media?parent=429"}],"curies":[{"name":"wp","href":"https:\/\/api.w.org\/{rel}","templated":true}]}}