{"id":433,"date":"2025-01-13T18:59:01","date_gmt":"2025-01-13T17:59:01","guid":{"rendered":"https:\/\/movereon.org\/?page_id=433"},"modified":"2025-02-06T00:18:20","modified_gmt":"2025-02-05T23:18:20","slug":"salamanca-spanien","status":"publish","type":"page","link":"https:\/\/movereon.org\/de\/salamanca-spanien\/","title":{"rendered":"Salamanca\/Spanien"},"content":{"rendered":"\t\t<div data-elementor-type=\"wp-page\" data-elementor-id=\"433\" class=\"elementor elementor-433\" data-elementor-post-type=\"page\">\n\t\t\t\t<div class=\"elementor-element elementor-element-f350e4c e-flex e-con-boxed e-con e-parent\" data-id=\"f350e4c\" data-element_type=\"container\">\n\t\t\t\t\t<div class=\"e-con-inner\">\n\t\t<div class=\"elementor-element elementor-element-f598675 e-con-full e-flex e-con e-child\" data-id=\"f598675\" data-element_type=\"container\">\n\t\t\t\t<div class=\"elementor-element elementor-element-8f0de71 elementor-widget elementor-widget-heading\" data-id=\"8f0de71\" data-element_type=\"widget\" data-widget_type=\"heading.default\">\n\t\t\t\t<div class=\"elementor-widget-container\">\n\t\t\t\t\t<h2 class=\"elementor-heading-title elementor-size-default\">Salamanca\/Spanien<\/h2>\t\t\t\t<\/div>\n\t\t\t\t<\/div>\n\t\t\t\t<\/div>\n\t\t<div class=\"elementor-element elementor-element-6632a43 e-con-full e-flex e-con e-child\" data-id=\"6632a43\" data-element_type=\"container\" data-settings=\"{&quot;background_background&quot;:&quot;classic&quot;}\">\n\t\t\t\t<\/div>\n\t\t\t\t\t<\/div>\n\t\t\t\t<\/div>\n\t\t<div class=\"elementor-element elementor-element-a0f6648 e-flex e-con-boxed e-con e-parent\" data-id=\"a0f6648\" data-element_type=\"container\">\n\t\t\t\t\t<div class=\"e-con-inner\">\n\t\t\t\t<div class=\"elementor-element elementor-element-e08b7d7 elementor-widget elementor-widget-video\" data-id=\"e08b7d7\" data-element_type=\"widget\" data-settings=\"{&quot;youtube_url&quot;:&quot;https:\\\/\\\/www.youtube.com\\\/watch?v=4EzIbf0gM1U&quot;,&quot;video_type&quot;:&quot;youtube&quot;,&quot;controls&quot;:&quot;yes&quot;}\" data-widget_type=\"video.default\">\n\t\t\t\t<div class=\"elementor-widget-container\">\n\t\t\t\t\t\t\t<div class=\"elementor-wrapper elementor-open-inline\">\n\t\t\t<div class=\"elementor-video\"><\/div>\t\t<\/div>\n\t\t\t\t\t\t<\/div>\n\t\t\t\t<\/div>\n\t\t\t\t<div class=\"elementor-element elementor-element-15257d9 elementor-widget-divider--view-line_icon elementor-view-default elementor-widget-divider--element-align-center elementor-widget elementor-widget-divider\" data-id=\"15257d9\" data-element_type=\"widget\" data-widget_type=\"divider.default\">\n\t\t\t\t<div class=\"elementor-widget-container\">\n\t\t\t\t\t\t\t<div class=\"elementor-divider\">\n\t\t\t<span class=\"elementor-divider-separator\">\n\t\t\t\t\t\t\t<div class=\"elementor-icon elementor-divider__element\">\n\t\t\t\t\t<svg aria-hidden=\"true\" class=\"e-font-icon-svg e-fas-star\" viewBox=\"0 0 576 512\" xmlns=\"http:\/\/www.w3.org\/2000\/svg\"><path d=\"M259.3 17.8L194 150.2 47.9 171.5c-26.2 3.8-36.7 36.1-17.7 54.6l105.7 103-25 145.5c-4.5 26.3 23.2 46 46.4 33.7L288 439.6l130.7 68.7c23.2 12.2 50.9-7.4 46.4-33.7l-25-145.5 105.7-103c19-18.5 8.5-50.8-17.7-54.6L382 150.2 316.7 17.8c-11.7-23.6-45.6-23.9-57.4 0z\"><\/path><\/svg><\/div>\n\t\t\t\t\t\t<\/span>\n\t\t<\/div>\n\t\t\t\t\t\t<\/div>\n\t\t\t\t<\/div>\n\t\t\t\t<div class=\"elementor-element elementor-element-7fbe9eb elementor-widget elementor-widget-text-editor\" data-id=\"7fbe9eb\" data-element_type=\"widget\" data-widget_type=\"text-editor.default\">\n\t\t\t\t<div class=\"elementor-widget-container\">\n\t\t\t\t\t\t\t\t\t<p>Salamanca ist der perfekte Ort, um deinen Sommer zu verbringen. Die Stadt ist atemberaubend sch\u00f6n und hat ihren authentischen spanischen Charme bewahrt. Das Spanisch, das hier gesprochen wird, ist klar und akzentfrei \u2013 du wirst besser verstehen und selbst auch besser verstanden werden. Das ist ein gro\u00dfer Vorteil im Vergleich zu Regionen mit starken Dialekten wie Andalusien oder Orten, an denen konkurrierende lokale Sprachen wie Katalanisch gesprochen werden.<\/p><p>Ein weiteres Plus: Salamanca bleibt von Touristenstr\u00f6men verschont, was dir viele Gelegenheiten gibt, Einheimische kennenzulernen. Dein Sprachaufenthalt wird so zu einem wirklich authentischen spanischen Erlebnis. Mit einer der \u00e4ltesten Universit\u00e4ten Spaniens und rund 30.000 Studenten sorgt Salamanca f\u00fcr eine lebendige und abwechslungsreiche Atmosph\u00e4re, die auch das aufregende Nachtleben pr\u00e4gt. Die Preise sind sehr erschwinglich, es gibt keine G\u00e4stelisten und der Eintritt zu den besten Events ist oft sogar kostenlos.<\/p><p>Salamanca, die \u201egoldene Stadt\u201c, wurde von der UNESCO zum Weltkulturerbe erkl\u00e4rt. In der Altstadt kannst du zahlreiche Kirchen, Pal\u00e4ste und zwei beeindruckende Kathedralen entdecken. Der wahre H\u00f6hepunkt ist jedoch die Plaza Mayor, der wohl sch\u00f6nste Platz der spanischsprachigen Welt. Hier trifft sich die ganze Stadt, bevor es weitergeht. Um Salamanca herum findest du au\u00dferdem wundersch\u00f6ne Naturlandschaften wie die Sierra de Francia und Los Arribes, die du bei einem unserer Ausfl\u00fcge kennenlernen wirst.<\/p><p>Salamanca ist sehr sauber und, im Gegensatz zu vielen gr\u00f6\u00dferen St\u00e4dten Spaniens, nahezu frei von Kriminalit\u00e4t. Du kannst auch nach Einbruch der Dunkelheit problemlos zu Fu\u00df nach Hause gehen, ohne dir Sorgen machen zu m\u00fcssen. Taxis oder \u00f6ffentliche Verkehrsmittel nutzen wir eigentlich kaum, denn alles ist in weniger als 20 Minuten zu Fu\u00df erreichbar.<\/p>\t\t\t\t\t\t\t\t<\/div>\n\t\t\t\t<\/div>\n\t\t\t\t\t<\/div>\n\t\t\t\t<\/div>\n\t\t\t\t<\/div>\n\t\t","protected":false},"excerpt":{"rendered":"<p>Salamanca ist der perfekte Ort, um deinen Sommer zu verbringen. Die Stadt ist atemberaubend sch\u00f6n und hat ihren authentischen spanischen Charme bewahrt. Das Spanisch, das hier gesprochen wird, ist klar und akzentfrei \u2013 du wirst besser verstehen und selbst auch besser verstanden werden. Das ist ein gro\u00dfer Vorteil im Vergleich zu Regionen mit starken Dialekten [&hellip;]<\/p>\n","protected":false},"author":2,"featured_media":422,"parent":0,"menu_order":0,"comment_status":"closed","ping_status":"closed","template":"","meta":{"_uag_custom_page_level_css":"","footnotes":""},"class_list":["post-433","page","type-page","status-publish","has-post-thumbnail","hentry"],"yoast_head":"<!-- This site is optimized with the Yoast SEO plugin v24.4 - https:\/\/yoast.com\/wordpress\/plugins\/seo\/ -->\n<title>Salamanca\/Spanien - Movere On<\/title>\n<meta name=\"robots\" content=\"index, follow, max-snippet:-1, max-image-preview:large, max-video-preview:-1\" \/>\n<link rel=\"canonical\" href=\"https:\/\/movereon.org\/de\/salamanca-spanien\/\" \/>\n<meta property=\"og:locale\" content=\"de_DE\" \/>\n<meta property=\"og:type\" content=\"article\" \/>\n<meta property=\"og:title\" content=\"Salamanca\/Spanien - Movere On\" \/>\n<meta property=\"og:description\" content=\"Salamanca ist der perfekte Ort, um deinen Sommer zu verbringen. Die Stadt ist atemberaubend sch\u00f6n und hat ihren authentischen spanischen Charme bewahrt. Das Spanisch, das hier gesprochen wird, ist klar und akzentfrei \u2013 du wirst besser verstehen und selbst auch besser verstanden werden. Das ist ein gro\u00dfer Vorteil im Vergleich zu Regionen mit starken Dialekten [&hellip;]\" \/>\n<meta property=\"og:url\" content=\"https:\/\/movereon.org\/de\/salamanca-spanien\/\" \/>\n<meta property=\"og:site_name\" content=\"Movere On\" \/>\n<meta property=\"article:modified_time\" content=\"2025-02-05T23:18:20+00:00\" \/>\n<meta property=\"og:image\" content=\"https:\/\/movereon.org\/wp-content\/uploads\/2025\/01\/logo-DE-01.png\" \/>\n\t<meta property=\"og:image:width\" content=\"478\" \/>\n\t<meta property=\"og:image:height\" content=\"274\" \/>\n\t<meta property=\"og:image:type\" content=\"image\/png\" \/>\n<meta name=\"twitter:card\" content=\"summary_large_image\" \/>\n<meta name=\"twitter:label1\" content=\"Gesch\u00e4tzte Lesezeit\" \/>\n\t<meta name=\"twitter:data1\" content=\"2\u00a0Minuten\" \/>\n<script type=\"application\/ld+json\" class=\"yoast-schema-graph\">{\"@context\":\"https:\/\/schema.org\",\"@graph\":[{\"@type\":\"WebPage\",\"@id\":\"https:\/\/movereon.org\/de\/salamanca-spanien\/\",\"url\":\"https:\/\/movereon.org\/de\/salamanca-spanien\/\",\"name\":\"Salamanca\/Spanien - Movere On\",\"isPartOf\":{\"@id\":\"https:\/\/movereon.org\/de\/#website\"},\"primaryImageOfPage\":{\"@id\":\"https:\/\/movereon.org\/de\/salamanca-spanien\/#primaryimage\"},\"image\":{\"@id\":\"https:\/\/movereon.org\/de\/salamanca-spanien\/#primaryimage\"},\"thumbnailUrl\":\"https:\/\/movereon.org\/wp-content\/uploads\/2025\/01\/logo-DE-01.png\",\"datePublished\":\"2025-01-13T17:59:01+00:00\",\"dateModified\":\"2025-02-05T23:18:20+00:00\",\"breadcrumb\":{\"@id\":\"https:\/\/movereon.org\/de\/salamanca-spanien\/#breadcrumb\"},\"inLanguage\":\"de\",\"potentialAction\":[{\"@type\":\"ReadAction\",\"target\":[\"https:\/\/movereon.org\/de\/salamanca-spanien\/\"]}]},{\"@type\":\"ImageObject\",\"inLanguage\":\"de\",\"@id\":\"https:\/\/movereon.org\/de\/salamanca-spanien\/#primaryimage\",\"url\":\"https:\/\/movereon.org\/wp-content\/uploads\/2025\/01\/logo-DE-01.png\",\"contentUrl\":\"https:\/\/movereon.org\/wp-content\/uploads\/2025\/01\/logo-DE-01.png\",\"width\":478,\"height\":274},{\"@type\":\"BreadcrumbList\",\"@id\":\"https:\/\/movereon.org\/de\/salamanca-spanien\/#breadcrumb\",\"itemListElement\":[{\"@type\":\"ListItem\",\"position\":1,\"name\":\"Portada\",\"item\":\"https:\/\/movereon.org\/de\/\"},{\"@type\":\"ListItem\",\"position\":2,\"name\":\"Salamanca\/Spanien\"}]},{\"@type\":\"WebSite\",\"@id\":\"https:\/\/movereon.org\/de\/#website\",\"url\":\"https:\/\/movereon.org\/de\/\",\"name\":\"Movere On\",\"description\":\"Filling the Gap Right!\",\"publisher\":{\"@id\":\"https:\/\/movereon.org\/de\/#organization\"},\"potentialAction\":[{\"@type\":\"SearchAction\",\"target\":{\"@type\":\"EntryPoint\",\"urlTemplate\":\"https:\/\/movereon.org\/de\/?s={search_term_string}\"},\"query-input\":{\"@type\":\"PropertyValueSpecification\",\"valueRequired\":true,\"valueName\":\"search_term_string\"}}],\"inLanguage\":\"de\"},{\"@type\":\"Organization\",\"@id\":\"https:\/\/movereon.org\/de\/#organization\",\"name\":\"Movere On\",\"url\":\"https:\/\/movereon.org\/de\/\",\"logo\":{\"@type\":\"ImageObject\",\"inLanguage\":\"de\",\"@id\":\"https:\/\/movereon.org\/de\/#\/schema\/logo\/image\/\",\"url\":\"https:\/\/movereon.org\/wp-content\/uploads\/2025\/01\/logo-DE-01.png\",\"contentUrl\":\"https:\/\/movereon.org\/wp-content\/uploads\/2025\/01\/logo-DE-01.png\",\"width\":478,\"height\":274,\"caption\":\"Movere On\"},\"image\":{\"@id\":\"https:\/\/movereon.org\/de\/#\/schema\/logo\/image\/\"}}]}<\/script>\n<!-- \/ Yoast SEO plugin. -->","yoast_head_json":{"title":"Salamanca\/Spanien - Movere On","robots":{"index":"index","follow":"follow","max-snippet":"max-snippet:-1","max-image-preview":"max-image-preview:large","max-video-preview":"max-video-preview:-1"},"canonical":"https:\/\/movereon.org\/de\/salamanca-spanien\/","og_locale":"de_DE","og_type":"article","og_title":"Salamanca\/Spanien - Movere On","og_description":"Salamanca ist der perfekte Ort, um deinen Sommer zu verbringen. Die Stadt ist atemberaubend sch\u00f6n und hat ihren authentischen spanischen Charme bewahrt. Das Spanisch, das hier gesprochen wird, ist klar und akzentfrei \u2013 du wirst besser verstehen und selbst auch besser verstanden werden. Das ist ein gro\u00dfer Vorteil im Vergleich zu Regionen mit starken Dialekten [&hellip;]","og_url":"https:\/\/movereon.org\/de\/salamanca-spanien\/","og_site_name":"Movere On","article_modified_time":"2025-02-05T23:18:20+00:00","og_image":[{"width":478,"height":274,"url":"https:\/\/movereon.org\/wp-content\/uploads\/2025\/01\/logo-DE-01.png","type":"image\/png"}],"twitter_card":"summary_large_image","twitter_misc":{"Gesch\u00e4tzte Lesezeit":"2\u00a0Minuten"},"schema":{"@context":"https:\/\/schema.org","@graph":[{"@type":"WebPage","@id":"https:\/\/movereon.org\/de\/salamanca-spanien\/","url":"https:\/\/movereon.org\/de\/salamanca-spanien\/","name":"Salamanca\/Spanien - Movere On","isPartOf":{"@id":"https:\/\/movereon.org\/de\/#website"},"primaryImageOfPage":{"@id":"https:\/\/movereon.org\/de\/salamanca-spanien\/#primaryimage"},"image":{"@id":"https:\/\/movereon.org\/de\/salamanca-spanien\/#primaryimage"},"thumbnailUrl":"https:\/\/movereon.org\/wp-content\/uploads\/2025\/01\/logo-DE-01.png","datePublished":"2025-01-13T17:59:01+00:00","dateModified":"2025-02-05T23:18:20+00:00","breadcrumb":{"@id":"https:\/\/movereon.org\/de\/salamanca-spanien\/#breadcrumb"},"inLanguage":"de","potentialAction":[{"@type":"ReadAction","target":["https:\/\/movereon.org\/de\/salamanca-spanien\/"]}]},{"@type":"ImageObject","inLanguage":"de","@id":"https:\/\/movereon.org\/de\/salamanca-spanien\/#primaryimage","url":"https:\/\/movereon.org\/wp-content\/uploads\/2025\/01\/logo-DE-01.png","contentUrl":"https:\/\/movereon.org\/wp-content\/uploads\/2025\/01\/logo-DE-01.png","width":478,"height":274},{"@type":"BreadcrumbList","@id":"https:\/\/movereon.org\/de\/salamanca-spanien\/#breadcrumb","itemListElement":[{"@type":"ListItem","position":1,"name":"Portada","item":"https:\/\/movereon.org\/de\/"},{"@type":"ListItem","position":2,"name":"Salamanca\/Spanien"}]},{"@type":"WebSite","@id":"https:\/\/movereon.org\/de\/#website","url":"https:\/\/movereon.org\/de\/","name":"Movere On","description":"Filling the Gap Right!","publisher":{"@id":"https:\/\/movereon.org\/de\/#organization"},"potentialAction":[{"@type":"SearchAction","target":{"@type":"EntryPoint","urlTemplate":"https:\/\/movereon.org\/de\/?s={search_term_string}"},"query-input":{"@type":"PropertyValueSpecification","valueRequired":true,"valueName":"search_term_string"}}],"inLanguage":"de"},{"@type":"Organization","@id":"https:\/\/movereon.org\/de\/#organization","name":"Movere On","url":"https:\/\/movereon.org\/de\/","logo":{"@type":"ImageObject","inLanguage":"de","@id":"https:\/\/movereon.org\/de\/#\/schema\/logo\/image\/","url":"https:\/\/movereon.org\/wp-content\/uploads\/2025\/01\/logo-DE-01.png","contentUrl":"https:\/\/movereon.org\/wp-content\/uploads\/2025\/01\/logo-DE-01.png","width":478,"height":274,"caption":"Movere On"},"image":{"@id":"https:\/\/movereon.org\/de\/#\/schema\/logo\/image\/"}}]}},"uagb_featured_image_src":{"full":["https:\/\/movereon.org\/wp-content\/uploads\/2025\/01\/logo-DE-01.png",478,274,false],"thumbnail":["https:\/\/movereon.org\/wp-content\/uploads\/2025\/01\/logo-DE-01-150x150.png",150,150,true],"medium":["https:\/\/movereon.org\/wp-content\/uploads\/2025\/01\/logo-DE-01-300x172.png",300,172,true],"medium_large":["https:\/\/movereon.org\/wp-content\/uploads\/2025\/01\/logo-DE-01.png",478,274,false],"large":["https:\/\/movereon.org\/wp-content\/uploads\/2025\/01\/logo-DE-01.png",478,274,false],"1536x1536":["https:\/\/movereon.org\/wp-content\/uploads\/2025\/01\/logo-DE-01.png",478,274,false],"2048x2048":["https:\/\/movereon.org\/wp-content\/uploads\/2025\/01\/logo-DE-01.png",478,274,false],"woocommerce_thumbnail":["https:\/\/movereon.org\/wp-content\/uploads\/2025\/01\/logo-DE-01-300x274.png",300,274,true],"woocommerce_single":["https:\/\/movereon.org\/wp-content\/uploads\/2025\/01\/logo-DE-01.png",478,274,false],"woocommerce_gallery_thumbnail":["https:\/\/movereon.org\/wp-content\/uploads\/2025\/01\/logo-DE-01-100x100.png",100,100,true]},"uagb_author_info":{"display_name":"JC","author_link":"https:\/\/movereon.org\/de\/author\/loscarsejo\/"},"uagb_comment_info":0,"uagb_excerpt":"Salamanca ist der perfekte Ort, um deinen Sommer zu verbringen. Die Stadt ist atemberaubend sch\u00f6n und hat ihren authentischen spanischen Charme bewahrt. Das Spanisch, das hier gesprochen wird, ist klar und akzentfrei \u2013 du wirst besser verstehen und selbst auch besser verstanden werden. Das ist ein gro\u00dfer Vorteil im Vergleich zu Regionen mit starken Dialekten&hellip;","_links":{"self":[{"href":"https:\/\/movereon.org\/de\/wp-json\/wp\/v2\/pages\/433","targetHints":{"allow":["GET"]}}],"collection":[{"href":"https:\/\/movereon.org\/de\/wp-json\/wp\/v2\/pages"}],"about":[{"href":"https:\/\/movereon.org\/de\/wp-json\/wp\/v2\/types\/page"}],"author":[{"embeddable":true,"href":"https:\/\/movereon.org\/de\/wp-json\/wp\/v2\/users\/2"}],"replies":[{"embeddable":true,"href":"https:\/\/movereon.org\/de\/wp-json\/wp\/v2\/comments?post=433"}],"version-history":[{"count":16,"href":"https:\/\/movereon.org\/de\/wp-json\/wp\/v2\/pages\/433\/revisions"}],"predecessor-version":[{"id":1013,"href":"https:\/\/movereon.org\/de\/wp-json\/wp\/v2\/pages\/433\/revisions\/1013"}],"wp:featuredmedia":[{"embeddable":true,"href":"https:\/\/movereon.org\/de\/wp-json\/wp\/v2\/media\/422"}],"wp:attachment":[{"href":"https:\/\/movereon.org\/de\/wp-json\/wp\/v2\/media?parent=433"}],"curies":[{"name":"wp","href":"https:\/\/api.w.org\/{rel}","templated":true}]}}