{"id":441,"date":"2025-01-13T19:02:16","date_gmt":"2025-01-13T18:02:16","guid":{"rendered":"https:\/\/movereon.org\/?page_id=441"},"modified":"2025-05-23T17:13:02","modified_gmt":"2025-05-23T15:13:02","slug":"zulassung-buchung","status":"publish","type":"page","link":"https:\/\/movereon.org\/de\/zulassung-buchung\/","title":{"rendered":"Zulassung\/Buchung"},"content":{"rendered":"\t\t<div data-elementor-type=\"wp-page\" data-elementor-id=\"441\" class=\"elementor elementor-441\" data-elementor-post-type=\"page\">\n\t\t\t\t<div class=\"elementor-element elementor-element-15018a6 e-flex e-con-boxed e-con e-parent\" data-id=\"15018a6\" data-element_type=\"container\">\n\t\t\t\t\t<div class=\"e-con-inner\">\n\t\t<div class=\"elementor-element elementor-element-decbb76 e-con-full e-flex e-con e-child\" data-id=\"decbb76\" data-element_type=\"container\">\n\t\t\t\t<div class=\"elementor-element elementor-element-451f9f1 elementor-widget elementor-widget-heading\" data-id=\"451f9f1\" data-element_type=\"widget\" data-widget_type=\"heading.default\">\n\t\t\t\t<div class=\"elementor-widget-container\">\n\t\t\t\t\t<h2 class=\"elementor-heading-title elementor-size-default\">Zulassung\/Buchung<\/h2>\t\t\t\t<\/div>\n\t\t\t\t<\/div>\n\t\t\t\t<\/div>\n\t\t<div class=\"elementor-element elementor-element-38a45d4 e-con-full e-flex e-con e-child\" data-id=\"38a45d4\" data-element_type=\"container\" data-settings=\"{&quot;background_background&quot;:&quot;classic&quot;}\">\n\t\t\t\t<\/div>\n\t\t\t\t\t<\/div>\n\t\t\t\t<\/div>\n\t\t<div class=\"elementor-element elementor-element-fc4cf37 e-flex e-con-boxed e-con e-parent\" data-id=\"fc4cf37\" data-element_type=\"container\">\n\t\t\t\t\t<div class=\"e-con-inner\">\n\t\t\t\t<div class=\"elementor-element elementor-element-8ce4f21 elementor-widget elementor-widget-text-editor\" data-id=\"8ce4f21\" data-element_type=\"widget\" data-widget_type=\"text-editor.default\">\n\t\t\t\t<div class=\"elementor-widget-container\">\n\t\t\t\t\t\t\t\t\t<p><strong>N\u00e4chste Schritte<\/strong><\/p><p>Wenn du daran interessiert bist, nach Salamanca zu kommen, um Spanisch zu lernen und dies mit Praktika oder Freiwilligenarbeit zu kombinieren, kontaktiere uns bitte mittels Kontaktformular oder unter <a href=\"mailto:info@movereon.org\">info@movereon.org<\/a> und gib uns bitte unbedingt auch eine Telefonnummer und die Uhrzeit f\u00fcr einen R\u00fcckruf an.<\/p><p><strong>F\u00fcr Teilnehmer mit Vorkenntnissen in Spanisch<\/strong><\/p><p>Wenn du bereits \u00fcber Spanischkenntnisse verf\u00fcgst, f\u00fclle bitte au\u00dferdem den <a href=\"https:\/\/www.intionlinelanguages.com\/en\/spanish-level-test\/\" target=\"_blank\" rel=\"noopener\">Online-Test<\/a> so gut wie m\u00f6glich aus. Achte darauf, deinen Namen und \u201eMovereon\u201c anzugeben.<\/p><p>Nach unserem gemeinsamen Telefongespr\u00e4ch erh\u00e4ltst du eine Zulassungsbest\u00e4tigung und den Zugang zu unserer Jobb\u00f6rse, auf der wir Praktikums- und Freiwilligenstellen ver\u00f6ffentlichen.<\/p><p>Anschlie\u00dfend kannst du entscheiden, eine Anzahlung von 200 \u20ac zu leisten, die von den Gesamtkosten abgezogen wird, oder bereits die vollen Geb\u00fchren zu begleichen, welche vier Wochen vor deiner Ankunft bei uns eingegangen sein m\u00fcssen.<\/p>\t\t\t\t\t\t\t\t<\/div>\n\t\t\t\t<\/div>\n\t\t\t\t<div class=\"elementor-element elementor-element-ab706db elementor-widget-divider--view-line_text elementor-widget-divider--element-align-center elementor-widget elementor-widget-divider\" data-id=\"ab706db\" data-element_type=\"widget\" data-widget_type=\"divider.default\">\n\t\t\t\t<div class=\"elementor-widget-container\">\n\t\t\t\t\t\t\t<div class=\"elementor-divider\">\n\t\t\t<span class=\"elementor-divider-separator\">\n\t\t\t\t\t\t\t<span class=\"elementor-divider__text elementor-divider__element\">\n\t\t\t\tStornierungs- und R\u00fcckerstattungsrichtlinien\t\t\t\t<\/span>\n\t\t\t\t\t\t<\/span>\n\t\t<\/div>\n\t\t\t\t\t\t<\/div>\n\t\t\t\t<\/div>\n\t\t\t\t<div class=\"elementor-element elementor-element-993e729 elementor-align-left elementor-icon-list--layout-traditional elementor-list-item-link-full_width elementor-widget elementor-widget-icon-list\" data-id=\"993e729\" data-element_type=\"widget\" data-widget_type=\"icon-list.default\">\n\t\t\t\t<div class=\"elementor-widget-container\">\n\t\t\t\t\t\t\t<ul class=\"elementor-icon-list-items\">\n\t\t\t\t\t\t\t<li class=\"elementor-icon-list-item\">\n\t\t\t\t\t\t\t\t\t\t\t<span class=\"elementor-icon-list-icon\">\n\t\t\t\t\t\t\t<svg aria-hidden=\"true\" class=\"e-font-icon-svg e-fas-arrow-alt-circle-right\" viewBox=\"0 0 512 512\" xmlns=\"http:\/\/www.w3.org\/2000\/svg\"><path d=\"M256 8c137 0 248 111 248 248S393 504 256 504 8 393 8 256 119 8 256 8zM140 300h116v70.9c0 10.7 13 16.1 20.5 8.5l114.3-114.9c4.7-4.7 4.7-12.2 0-16.9l-114.3-115c-7.6-7.6-20.5-2.2-20.5 8.5V212H140c-6.6 0-12 5.4-12 12v64c0 6.6 5.4 12 12 12z\"><\/path><\/svg>\t\t\t\t\t\t<\/span>\n\t\t\t\t\t\t\t\t\t\t<span class=\"elementor-icon-list-text\"><b>Anzahlung<\/b>: Nicht r\u00fcckerstattbar.<\/span>\n\t\t\t\t\t\t\t\t\t<\/li>\n\t\t\t\t\t\t\t\t<li class=\"elementor-icon-list-item\">\n\t\t\t\t\t\t\t\t\t\t\t<span class=\"elementor-icon-list-icon\">\n\t\t\t\t\t\t\t<svg aria-hidden=\"true\" class=\"e-font-icon-svg e-fas-arrow-alt-circle-right\" viewBox=\"0 0 512 512\" xmlns=\"http:\/\/www.w3.org\/2000\/svg\"><path d=\"M256 8c137 0 248 111 248 248S393 504 256 504 8 393 8 256 119 8 256 8zM140 300h116v70.9c0 10.7 13 16.1 20.5 8.5l114.3-114.9c4.7-4.7 4.7-12.2 0-16.9l-114.3-115c-7.6-7.6-20.5-2.2-20.5 8.5V212H140c-6.6 0-12 5.4-12 12v64c0 6.6 5.4 12 12 12z\"><\/path><\/svg>\t\t\t\t\t\t<\/span>\n\t\t\t\t\t\t\t\t\t\t<span class=\"elementor-icon-list-text\"><b>Bis zu 14 Tage vor dem Startdatum<\/b>: Volle R\u00fcckerstattung (ausser der Anzahlung von 200 Euro). <\/span>\n\t\t\t\t\t\t\t\t\t<\/li>\n\t\t\t\t\t\t\t\t<li class=\"elementor-icon-list-item\">\n\t\t\t\t\t\t\t\t\t\t\t<span class=\"elementor-icon-list-icon\">\n\t\t\t\t\t\t\t<svg aria-hidden=\"true\" class=\"e-font-icon-svg e-fas-arrow-alt-circle-right\" viewBox=\"0 0 512 512\" xmlns=\"http:\/\/www.w3.org\/2000\/svg\"><path d=\"M256 8c137 0 248 111 248 248S393 504 256 504 8 393 8 256 119 8 256 8zM140 300h116v70.9c0 10.7 13 16.1 20.5 8.5l114.3-114.9c4.7-4.7 4.7-12.2 0-16.9l-114.3-115c-7.6-7.6-20.5-2.2-20.5 8.5V212H140c-6.6 0-12 5.4-12 12v64c0 6.6 5.4 12 12 12z\"><\/path><\/svg>\t\t\t\t\t\t<\/span>\n\t\t\t\t\t\t\t\t\t\t<span class=\"elementor-icon-list-text\"><b>Weniger als 14 Tage vor dem Startdatum<\/b>: Stornogeb\u00fchr von 500\u20ac.<\/span>\n\t\t\t\t\t\t\t\t\t<\/li>\n\t\t\t\t\t\t\t\t<li class=\"elementor-icon-list-item\">\n\t\t\t\t\t\t\t\t\t\t\t<span class=\"elementor-icon-list-icon\">\n\t\t\t\t\t\t\t<svg aria-hidden=\"true\" class=\"e-font-icon-svg e-fas-arrow-alt-circle-right\" viewBox=\"0 0 512 512\" xmlns=\"http:\/\/www.w3.org\/2000\/svg\"><path d=\"M256 8c137 0 248 111 248 248S393 504 256 504 8 393 8 256 119 8 256 8zM140 300h116v70.9c0 10.7 13 16.1 20.5 8.5l114.3-114.9c4.7-4.7 4.7-12.2 0-16.9l-114.3-115c-7.6-7.6-20.5-2.2-20.5 8.5V212H140c-6.6 0-12 5.4-12 12v64c0 6.6 5.4 12 12 12z\"><\/path><\/svg>\t\t\t\t\t\t<\/span>\n\t\t\t\t\t\t\t\t\t\t<span class=\"elementor-icon-list-text\"><b>Nach Beginn des Kurses<\/b>: Keine R\u00fcckerstattungen.<\/span>\n\t\t\t\t\t\t\t\t\t<\/li>\n\t\t\t\t\t\t<\/ul>\n\t\t\t\t\t\t<\/div>\n\t\t\t\t<\/div>\n\t\t\t\t<div class=\"elementor-element elementor-element-6c334a3 elementor-widget elementor-widget-text-editor\" data-id=\"6c334a3\" data-element_type=\"widget\" data-widget_type=\"text-editor.default\">\n\t\t\t\t<div class=\"elementor-widget-container\">\n\t\t\t\t\t\t\t\t\t<p>Bitte \u00fcberpr\u00fcfe unsere Allgemeinen Gesch\u00e4ftsbedingungen hier.<\/p>\t\t\t\t\t\t\t\t<\/div>\n\t\t\t\t<\/div>\n\t\t\t\t\t<\/div>\n\t\t\t\t<\/div>\n\t\t\t\t<\/div>\n\t\t","protected":false},"excerpt":{"rendered":"<p>N\u00e4chste Schritte Wenn du daran interessiert bist, nach Salamanca zu kommen, um Spanisch zu lernen und dies mit Praktika oder Freiwilligenarbeit zu kombinieren, kontaktiere uns bitte mittels Kontaktformular oder unter info@movereon.org und gib uns bitte unbedingt auch eine Telefonnummer und die Uhrzeit f\u00fcr einen R\u00fcckruf an. F\u00fcr Teilnehmer mit Vorkenntnissen in Spanisch Wenn du bereits [&hellip;]<\/p>\n","protected":false},"author":2,"featured_media":422,"parent":0,"menu_order":0,"comment_status":"closed","ping_status":"closed","template":"","meta":{"_uag_custom_page_level_css":"","footnotes":""},"class_list":["post-441","page","type-page","status-publish","has-post-thumbnail","hentry"],"yoast_head":"<!-- This site is optimized with the Yoast SEO plugin v24.4 - https:\/\/yoast.com\/wordpress\/plugins\/seo\/ -->\n<title>Zulassung\/Buchung - Movere On<\/title>\n<meta name=\"robots\" content=\"index, follow, max-snippet:-1, max-image-preview:large, max-video-preview:-1\" \/>\n<link rel=\"canonical\" href=\"https:\/\/movereon.org\/de\/zulassung-buchung\/\" \/>\n<meta property=\"og:locale\" content=\"de_DE\" \/>\n<meta property=\"og:type\" content=\"article\" \/>\n<meta property=\"og:title\" content=\"Zulassung\/Buchung - Movere On\" \/>\n<meta property=\"og:description\" content=\"N\u00e4chste Schritte Wenn du daran interessiert bist, nach Salamanca zu kommen, um Spanisch zu lernen und dies mit Praktika oder Freiwilligenarbeit zu kombinieren, kontaktiere uns bitte mittels Kontaktformular oder unter info@movereon.org und gib uns bitte unbedingt auch eine Telefonnummer und die Uhrzeit f\u00fcr einen R\u00fcckruf an. F\u00fcr Teilnehmer mit Vorkenntnissen in Spanisch Wenn du bereits [&hellip;]\" \/>\n<meta property=\"og:url\" content=\"https:\/\/movereon.org\/de\/zulassung-buchung\/\" \/>\n<meta property=\"og:site_name\" content=\"Movere On\" \/>\n<meta property=\"article:modified_time\" content=\"2025-05-23T15:13:02+00:00\" \/>\n<meta property=\"og:image\" content=\"https:\/\/movereon.org\/wp-content\/uploads\/2025\/01\/logo-DE-01.png\" \/>\n\t<meta property=\"og:image:width\" content=\"478\" \/>\n\t<meta property=\"og:image:height\" content=\"274\" \/>\n\t<meta property=\"og:image:type\" content=\"image\/png\" \/>\n<meta name=\"twitter:card\" content=\"summary_large_image\" \/>\n<meta name=\"twitter:label1\" content=\"Gesch\u00e4tzte Lesezeit\" \/>\n\t<meta name=\"twitter:data1\" content=\"1\u00a0Minute\" \/>\n<script type=\"application\/ld+json\" class=\"yoast-schema-graph\">{\"@context\":\"https:\/\/schema.org\",\"@graph\":[{\"@type\":\"WebPage\",\"@id\":\"https:\/\/movereon.org\/de\/zulassung-buchung\/\",\"url\":\"https:\/\/movereon.org\/de\/zulassung-buchung\/\",\"name\":\"Zulassung\/Buchung - Movere On\",\"isPartOf\":{\"@id\":\"https:\/\/movereon.org\/de\/#website\"},\"primaryImageOfPage\":{\"@id\":\"https:\/\/movereon.org\/de\/zulassung-buchung\/#primaryimage\"},\"image\":{\"@id\":\"https:\/\/movereon.org\/de\/zulassung-buchung\/#primaryimage\"},\"thumbnailUrl\":\"https:\/\/movereon.org\/wp-content\/uploads\/2025\/01\/logo-DE-01.png\",\"datePublished\":\"2025-01-13T18:02:16+00:00\",\"dateModified\":\"2025-05-23T15:13:02+00:00\",\"breadcrumb\":{\"@id\":\"https:\/\/movereon.org\/de\/zulassung-buchung\/#breadcrumb\"},\"inLanguage\":\"de\",\"potentialAction\":[{\"@type\":\"ReadAction\",\"target\":[\"https:\/\/movereon.org\/de\/zulassung-buchung\/\"]}]},{\"@type\":\"ImageObject\",\"inLanguage\":\"de\",\"@id\":\"https:\/\/movereon.org\/de\/zulassung-buchung\/#primaryimage\",\"url\":\"https:\/\/movereon.org\/wp-content\/uploads\/2025\/01\/logo-DE-01.png\",\"contentUrl\":\"https:\/\/movereon.org\/wp-content\/uploads\/2025\/01\/logo-DE-01.png\",\"width\":478,\"height\":274},{\"@type\":\"BreadcrumbList\",\"@id\":\"https:\/\/movereon.org\/de\/zulassung-buchung\/#breadcrumb\",\"itemListElement\":[{\"@type\":\"ListItem\",\"position\":1,\"name\":\"Portada\",\"item\":\"https:\/\/movereon.org\/de\/\"},{\"@type\":\"ListItem\",\"position\":2,\"name\":\"Zulassung\/Buchung\"}]},{\"@type\":\"WebSite\",\"@id\":\"https:\/\/movereon.org\/de\/#website\",\"url\":\"https:\/\/movereon.org\/de\/\",\"name\":\"Movere On\",\"description\":\"Filling the Gap Right!\",\"publisher\":{\"@id\":\"https:\/\/movereon.org\/de\/#organization\"},\"potentialAction\":[{\"@type\":\"SearchAction\",\"target\":{\"@type\":\"EntryPoint\",\"urlTemplate\":\"https:\/\/movereon.org\/de\/?s={search_term_string}\"},\"query-input\":{\"@type\":\"PropertyValueSpecification\",\"valueRequired\":true,\"valueName\":\"search_term_string\"}}],\"inLanguage\":\"de\"},{\"@type\":\"Organization\",\"@id\":\"https:\/\/movereon.org\/de\/#organization\",\"name\":\"Movere On\",\"url\":\"https:\/\/movereon.org\/de\/\",\"logo\":{\"@type\":\"ImageObject\",\"inLanguage\":\"de\",\"@id\":\"https:\/\/movereon.org\/de\/#\/schema\/logo\/image\/\",\"url\":\"https:\/\/movereon.org\/wp-content\/uploads\/2025\/01\/logo-DE-01.png\",\"contentUrl\":\"https:\/\/movereon.org\/wp-content\/uploads\/2025\/01\/logo-DE-01.png\",\"width\":478,\"height\":274,\"caption\":\"Movere On\"},\"image\":{\"@id\":\"https:\/\/movereon.org\/de\/#\/schema\/logo\/image\/\"}}]}<\/script>\n<!-- \/ Yoast SEO plugin. -->","yoast_head_json":{"title":"Zulassung\/Buchung - Movere On","robots":{"index":"index","follow":"follow","max-snippet":"max-snippet:-1","max-image-preview":"max-image-preview:large","max-video-preview":"max-video-preview:-1"},"canonical":"https:\/\/movereon.org\/de\/zulassung-buchung\/","og_locale":"de_DE","og_type":"article","og_title":"Zulassung\/Buchung - Movere On","og_description":"N\u00e4chste Schritte Wenn du daran interessiert bist, nach Salamanca zu kommen, um Spanisch zu lernen und dies mit Praktika oder Freiwilligenarbeit zu kombinieren, kontaktiere uns bitte mittels Kontaktformular oder unter info@movereon.org und gib uns bitte unbedingt auch eine Telefonnummer und die Uhrzeit f\u00fcr einen R\u00fcckruf an. F\u00fcr Teilnehmer mit Vorkenntnissen in Spanisch Wenn du bereits [&hellip;]","og_url":"https:\/\/movereon.org\/de\/zulassung-buchung\/","og_site_name":"Movere On","article_modified_time":"2025-05-23T15:13:02+00:00","og_image":[{"width":478,"height":274,"url":"https:\/\/movereon.org\/wp-content\/uploads\/2025\/01\/logo-DE-01.png","type":"image\/png"}],"twitter_card":"summary_large_image","twitter_misc":{"Gesch\u00e4tzte Lesezeit":"1\u00a0Minute"},"schema":{"@context":"https:\/\/schema.org","@graph":[{"@type":"WebPage","@id":"https:\/\/movereon.org\/de\/zulassung-buchung\/","url":"https:\/\/movereon.org\/de\/zulassung-buchung\/","name":"Zulassung\/Buchung - Movere On","isPartOf":{"@id":"https:\/\/movereon.org\/de\/#website"},"primaryImageOfPage":{"@id":"https:\/\/movereon.org\/de\/zulassung-buchung\/#primaryimage"},"image":{"@id":"https:\/\/movereon.org\/de\/zulassung-buchung\/#primaryimage"},"thumbnailUrl":"https:\/\/movereon.org\/wp-content\/uploads\/2025\/01\/logo-DE-01.png","datePublished":"2025-01-13T18:02:16+00:00","dateModified":"2025-05-23T15:13:02+00:00","breadcrumb":{"@id":"https:\/\/movereon.org\/de\/zulassung-buchung\/#breadcrumb"},"inLanguage":"de","potentialAction":[{"@type":"ReadAction","target":["https:\/\/movereon.org\/de\/zulassung-buchung\/"]}]},{"@type":"ImageObject","inLanguage":"de","@id":"https:\/\/movereon.org\/de\/zulassung-buchung\/#primaryimage","url":"https:\/\/movereon.org\/wp-content\/uploads\/2025\/01\/logo-DE-01.png","contentUrl":"https:\/\/movereon.org\/wp-content\/uploads\/2025\/01\/logo-DE-01.png","width":478,"height":274},{"@type":"BreadcrumbList","@id":"https:\/\/movereon.org\/de\/zulassung-buchung\/#breadcrumb","itemListElement":[{"@type":"ListItem","position":1,"name":"Portada","item":"https:\/\/movereon.org\/de\/"},{"@type":"ListItem","position":2,"name":"Zulassung\/Buchung"}]},{"@type":"WebSite","@id":"https:\/\/movereon.org\/de\/#website","url":"https:\/\/movereon.org\/de\/","name":"Movere On","description":"Filling the Gap Right!","publisher":{"@id":"https:\/\/movereon.org\/de\/#organization"},"potentialAction":[{"@type":"SearchAction","target":{"@type":"EntryPoint","urlTemplate":"https:\/\/movereon.org\/de\/?s={search_term_string}"},"query-input":{"@type":"PropertyValueSpecification","valueRequired":true,"valueName":"search_term_string"}}],"inLanguage":"de"},{"@type":"Organization","@id":"https:\/\/movereon.org\/de\/#organization","name":"Movere On","url":"https:\/\/movereon.org\/de\/","logo":{"@type":"ImageObject","inLanguage":"de","@id":"https:\/\/movereon.org\/de\/#\/schema\/logo\/image\/","url":"https:\/\/movereon.org\/wp-content\/uploads\/2025\/01\/logo-DE-01.png","contentUrl":"https:\/\/movereon.org\/wp-content\/uploads\/2025\/01\/logo-DE-01.png","width":478,"height":274,"caption":"Movere On"},"image":{"@id":"https:\/\/movereon.org\/de\/#\/schema\/logo\/image\/"}}]}},"uagb_featured_image_src":{"full":["https:\/\/movereon.org\/wp-content\/uploads\/2025\/01\/logo-DE-01.png",478,274,false],"thumbnail":["https:\/\/movereon.org\/wp-content\/uploads\/2025\/01\/logo-DE-01-150x150.png",150,150,true],"medium":["https:\/\/movereon.org\/wp-content\/uploads\/2025\/01\/logo-DE-01-300x172.png",300,172,true],"medium_large":["https:\/\/movereon.org\/wp-content\/uploads\/2025\/01\/logo-DE-01.png",478,274,false],"large":["https:\/\/movereon.org\/wp-content\/uploads\/2025\/01\/logo-DE-01.png",478,274,false],"1536x1536":["https:\/\/movereon.org\/wp-content\/uploads\/2025\/01\/logo-DE-01.png",478,274,false],"2048x2048":["https:\/\/movereon.org\/wp-content\/uploads\/2025\/01\/logo-DE-01.png",478,274,false],"woocommerce_thumbnail":["https:\/\/movereon.org\/wp-content\/uploads\/2025\/01\/logo-DE-01-300x274.png",300,274,true],"woocommerce_single":["https:\/\/movereon.org\/wp-content\/uploads\/2025\/01\/logo-DE-01.png",478,274,false],"woocommerce_gallery_thumbnail":["https:\/\/movereon.org\/wp-content\/uploads\/2025\/01\/logo-DE-01-100x100.png",100,100,true]},"uagb_author_info":{"display_name":"JC","author_link":"https:\/\/movereon.org\/de\/author\/loscarsejo\/"},"uagb_comment_info":0,"uagb_excerpt":"N\u00e4chste Schritte Wenn du daran interessiert bist, nach Salamanca zu kommen, um Spanisch zu lernen und dies mit Praktika oder Freiwilligenarbeit zu kombinieren, kontaktiere uns bitte mittels Kontaktformular oder unter info@movereon.org und gib uns bitte unbedingt auch eine Telefonnummer und die Uhrzeit f\u00fcr einen R\u00fcckruf an. F\u00fcr Teilnehmer mit Vorkenntnissen in Spanisch Wenn du bereits&hellip;","_links":{"self":[{"href":"https:\/\/movereon.org\/de\/wp-json\/wp\/v2\/pages\/441","targetHints":{"allow":["GET"]}}],"collection":[{"href":"https:\/\/movereon.org\/de\/wp-json\/wp\/v2\/pages"}],"about":[{"href":"https:\/\/movereon.org\/de\/wp-json\/wp\/v2\/types\/page"}],"author":[{"embeddable":true,"href":"https:\/\/movereon.org\/de\/wp-json\/wp\/v2\/users\/2"}],"replies":[{"embeddable":true,"href":"https:\/\/movereon.org\/de\/wp-json\/wp\/v2\/comments?post=441"}],"version-history":[{"count":43,"href":"https:\/\/movereon.org\/de\/wp-json\/wp\/v2\/pages\/441\/revisions"}],"predecessor-version":[{"id":1445,"href":"https:\/\/movereon.org\/de\/wp-json\/wp\/v2\/pages\/441\/revisions\/1445"}],"wp:featuredmedia":[{"embeddable":true,"href":"https:\/\/movereon.org\/de\/wp-json\/wp\/v2\/media\/422"}],"wp:attachment":[{"href":"https:\/\/movereon.org\/de\/wp-json\/wp\/v2\/media?parent=441"}],"curies":[{"name":"wp","href":"https:\/\/api.w.org\/{rel}","templated":true}]}}