{"id":466,"date":"2025-01-14T17:11:45","date_gmt":"2025-01-14T16:11:45","guid":{"rendered":"https:\/\/movereon.org\/?page_id=466"},"modified":"2025-03-13T10:04:47","modified_gmt":"2025-03-13T09:04:47","slug":"startseite","status":"publish","type":"page","link":"https:\/\/movereon.org\/de\/","title":{"rendered":"Startseite"},"content":{"rendered":"\t\t<div data-elementor-type=\"wp-page\" data-elementor-id=\"466\" class=\"elementor elementor-466\" data-elementor-post-type=\"page\">\n\t\t\t\t<div class=\"elementor-element elementor-element-bbf0f79 e-con-full e-flex e-con e-parent\" data-id=\"bbf0f79\" data-element_type=\"container\">\n\t\t<div class=\"elementor-element elementor-element-ca9af51 e-con-full e-flex e-con e-child\" data-id=\"ca9af51\" data-element_type=\"container\">\n\t\t\t\t<div class=\"elementor-element elementor-element-82e28c5 elementor-widget elementor-widget-text-editor\" data-id=\"82e28c5\" data-element_type=\"widget\" data-widget_type=\"text-editor.default\">\n\t\t\t\t<div class=\"elementor-widget-container\">\n\t\t\t\t\t\t\t\t\t<p>Nicht sicher, was du nach deinen Pr\u00fcfungen tun sollst? Wie w\u00e4re es, wenn du deine Sprachkenntnisse verbesserst und Arbeitserfahrung sammelst, um dich optimal auf deine weitere Zukunft vorzubereiten?<\/p><p>Unser spannendes Programm ist genau das Richtige f\u00fcr dich, um die L\u00fccke zwischen Schule und Universit\u00e4t zu schlie\u00dfen.<\/p>\t\t\t\t\t\t\t\t<\/div>\n\t\t\t\t<\/div>\n\t\t\t\t<\/div>\n\t\t<div class=\"elementor-element elementor-element-fa3973c e-con-full e-flex e-con e-child\" data-id=\"fa3973c\" data-element_type=\"container\" data-settings=\"{&quot;background_background&quot;:&quot;video&quot;,&quot;background_video_link&quot;:&quot;https:\\\/\\\/movereon.org\\\/wp-content\\\/uploads\\\/2025\\\/01\\\/peli-03.mp4&quot;,&quot;background_play_on_mobile&quot;:&quot;yes&quot;}\">\n\t\t<div class=\"elementor-background-video-container\">\n\t\t\t\t\t\t\t<video class=\"elementor-background-video-hosted elementor-html5-video\" autoplay muted playsinline loop><\/video>\n\t\t\t\t\t<\/div>\t\t<\/div>\n\t\t\t\t<\/div>\n\t\t<div class=\"elementor-element elementor-element-c3868f1 e-con-full e-flex e-con e-parent\" data-id=\"c3868f1\" data-element_type=\"container\">\n\t\t<div class=\"elementor-element elementor-element-b6b272c e-con-full e-flex e-con e-child\" data-id=\"b6b272c\" data-element_type=\"container\" data-settings=\"{&quot;background_background&quot;:&quot;video&quot;,&quot;background_play_on_mobile&quot;:&quot;yes&quot;,&quot;background_video_link&quot;:&quot;https:\\\/\\\/movereon.org\\\/wp-content\\\/uploads\\\/2025\\\/01\\\/5804225_Coll_wavebreak_Restaurant_1280x720.mp4&quot;}\">\n\t\t<div class=\"elementor-background-video-container\">\n\t\t\t\t\t\t\t<video class=\"elementor-background-video-hosted elementor-html5-video\" autoplay muted playsinline loop><\/video>\n\t\t\t\t\t<\/div>\t\t<\/div>\n\t\t<div class=\"elementor-element elementor-element-d7898f4 e-con-full e-flex e-con e-child\" data-id=\"d7898f4\" data-element_type=\"container\">\n\t\t\t\t<div class=\"elementor-element elementor-element-e893f5e elementor-widget elementor-widget-heading\" data-id=\"e893f5e\" data-element_type=\"widget\" data-widget_type=\"heading.default\">\n\t\t\t\t<div class=\"elementor-widget-container\">\n\t\t\t\t\t<p class=\"elementor-heading-title elementor-size-default\">Wir bieten dir:<\/p>\t\t\t\t<\/div>\n\t\t\t\t<\/div>\n\t\t\t\t<div class=\"elementor-element elementor-element-fd389c0 elementor-widget elementor-widget-text-editor\" data-id=\"fd389c0\" data-element_type=\"widget\" data-widget_type=\"text-editor.default\">\n\t\t\t\t<div class=\"elementor-widget-container\">\n\t\t\t\t\t\t\t\t\t<p>Intensives Spanischlernen: Beherrsche eine Sprache, die von \u00fcber 600 Millionen Menschen weltweit gesprochen wird.<\/p><p>Praktika &amp; Exkursionen: Sammle wertvolle praktische Erfahrungen und tauche in die spanische Kultur ein.<\/p><p>Individuelle Betreuung: Regelm\u00e4\u00dfige Beratung und Unterst\u00fctzung durch einen zugewiesenen Tutor und w\u00f6chentliche Berichte \u00fcber die von dir erzielten Fortschritte.<\/p><p>Ein Abschlussdiplom: Erhalte ein offizielles Zertifikat nach erfolgreichem Bestehen der Spanischpr\u00fcfungen.<\/p>\t\t\t\t\t\t\t\t<\/div>\n\t\t\t\t<\/div>\n\t\t\t\t<\/div>\n\t\t\t\t<\/div>\n\t\t<div class=\"elementor-element elementor-element-7b01c2f e-con-full e-flex e-con e-parent\" data-id=\"7b01c2f\" data-element_type=\"container\">\n\t\t<div class=\"elementor-element elementor-element-79574af e-con-full e-flex e-con e-child\" data-id=\"79574af\" data-element_type=\"container\">\n\t\t\t\t<div class=\"elementor-element elementor-element-06d5400 elementor-widget elementor-widget-heading\" data-id=\"06d5400\" data-element_type=\"widget\" data-widget_type=\"heading.default\">\n\t\t\t\t<div class=\"elementor-widget-container\">\n\t\t\t\t\t<p class=\"elementor-heading-title elementor-size-default\">Warum Salamanca?<\/p>\t\t\t\t<\/div>\n\t\t\t\t<\/div>\n\t\t\t\t<div class=\"elementor-element elementor-element-b882878 elementor-widget elementor-widget-text-editor\" data-id=\"b882878\" data-element_type=\"widget\" data-widget_type=\"text-editor.default\">\n\t\t\t\t<div class=\"elementor-widget-container\">\n\t\t\t\t\t\t\t\t\t<p>Unser Programm findet in der historischen zum UNESCO Weltkulturerbe ernannten Universit\u00e4tsstadt Salamanca statt, die f\u00fcr ihre atemberaubende Architektur, ihr von Studenten gepr\u00e4gtes Stadtbild und ihr aufregendes Nachtleben bekannt ist. Salamanca ist der perfekte Ort, um in die spanische Sprache und Kultur einzutauchen.<\/p><p>Hier wird zudem auch akzentfreies Spanisch gesprochen, was das Erlernen der Sprache extrem vereinfacht.<\/p>\t\t\t\t\t\t\t\t<\/div>\n\t\t\t\t<\/div>\n\t\t\t\t<\/div>\n\t\t<div class=\"elementor-element elementor-element-1c07134 e-con-full e-flex e-con e-child\" data-id=\"1c07134\" data-element_type=\"container\" data-settings=\"{&quot;background_background&quot;:&quot;video&quot;,&quot;background_video_link&quot;:&quot;https:\\\/\\\/movereon.org\\\/wp-content\\\/uploads\\\/2025\\\/01\\\/1875018_Salamanca_Old-Town_1280x720.mp4&quot;,&quot;background_play_on_mobile&quot;:&quot;yes&quot;}\">\n\t\t<div class=\"elementor-background-video-container\">\n\t\t\t\t\t\t\t<video class=\"elementor-background-video-hosted elementor-html5-video\" autoplay muted playsinline loop><\/video>\n\t\t\t\t\t<\/div>\t\t<\/div>\n\t\t\t\t<\/div>\n\t\t<div class=\"elementor-element elementor-element-765e28a e-flex e-con-boxed e-con e-parent\" data-id=\"765e28a\" data-element_type=\"container\">\n\t\t\t\t\t<div class=\"e-con-inner\">\n\t\t\t\t<div class=\"elementor-element elementor-element-96d259e elementor-widget elementor-widget-image\" data-id=\"96d259e\" data-element_type=\"widget\" data-widget_type=\"image.default\">\n\t\t\t\t<div class=\"elementor-widget-container\">\n\t\t\t\t\t\t\t\t\t\t\t\t\t\t\t<img decoding=\"async\" src=\"https:\/\/movereon.org\/wp-content\/uploads\/elementor\/thumbs\/arcos-01-r006pz075snjxk6ypyiz2cuz4i2ibj25qn2vsj0y68.png\" title=\"arcos-01\" alt=\"arcos-01\" loading=\"lazy\" \/>\t\t\t\t\t\t\t\t\t\t\t\t\t\t\t<\/div>\n\t\t\t\t<\/div>\n\t\t\t\t<div class=\"elementor-element elementor-element-b7a19c4 elementor-widget elementor-widget-heading\" data-id=\"b7a19c4\" data-element_type=\"widget\" data-widget_type=\"heading.default\">\n\t\t\t\t<div class=\"elementor-widget-container\">\n\t\t\t\t\t<p class=\"elementor-heading-title elementor-size-default\">Nutze deine Zeit sinnvoll:<\/p>\t\t\t\t<\/div>\n\t\t\t\t<\/div>\n\t\t\t\t<div class=\"elementor-element elementor-element-13b523a elementor-widget elementor-widget-text-editor\" data-id=\"13b523a\" data-element_type=\"widget\" data-widget_type=\"text-editor.default\">\n\t\t\t\t<div class=\"elementor-widget-container\">\n\t\t\t\t\t\t\t\t\t<p>Bevor du an die Universit\u00e4t gehst, ergreife diese einzigartige Gelegenheit, um deinen Horizont zu erweitern, in eine neue Kultur einzutauchen und eine weitere Basis f\u00fcr deine Zukunft zu legen.<\/p>\t\t\t\t\t\t\t\t<\/div>\n\t\t\t\t<\/div>\n\t\t\t\t\t<\/div>\n\t\t\t\t<\/div>\n\t\t\t\t<\/div>\n\t\t","protected":false},"excerpt":{"rendered":"<p>Nicht sicher, was du nach deinen Pr\u00fcfungen tun sollst? Wie w\u00e4re es, wenn du deine Sprachkenntnisse verbesserst und Arbeitserfahrung sammelst, um dich optimal auf deine weitere Zukunft vorzubereiten? Unser spannendes Programm ist genau das Richtige f\u00fcr dich, um die L\u00fccke zwischen Schule und Universit\u00e4t zu schlie\u00dfen. Wir bieten dir: Intensives Spanischlernen: Beherrsche eine Sprache, die [&hellip;]<\/p>\n","protected":false},"author":2,"featured_media":422,"parent":0,"menu_order":0,"comment_status":"closed","ping_status":"closed","template":"","meta":{"_uag_custom_page_level_css":"","footnotes":""},"class_list":["post-466","page","type-page","status-publish","has-post-thumbnail","hentry"],"yoast_head":"<!-- This site is optimized with the Yoast SEO plugin v24.4 - https:\/\/yoast.com\/wordpress\/plugins\/seo\/ -->\n<title>Startseite - Movere On<\/title>\n<meta name=\"robots\" content=\"index, follow, max-snippet:-1, max-image-preview:large, max-video-preview:-1\" \/>\n<link rel=\"canonical\" href=\"https:\/\/movereon.org\/de\/\" \/>\n<meta property=\"og:locale\" content=\"de_DE\" \/>\n<meta property=\"og:type\" content=\"article\" \/>\n<meta property=\"og:title\" content=\"Startseite - Movere On\" \/>\n<meta property=\"og:description\" content=\"Nicht sicher, was du nach deinen Pr\u00fcfungen tun sollst? Wie w\u00e4re es, wenn du deine Sprachkenntnisse verbesserst und Arbeitserfahrung sammelst, um dich optimal auf deine weitere Zukunft vorzubereiten? Unser spannendes Programm ist genau das Richtige f\u00fcr dich, um die L\u00fccke zwischen Schule und Universit\u00e4t zu schlie\u00dfen. Wir bieten dir: Intensives Spanischlernen: Beherrsche eine Sprache, die [&hellip;]\" \/>\n<meta property=\"og:url\" content=\"https:\/\/movereon.org\/de\/\" \/>\n<meta property=\"og:site_name\" content=\"Movere On\" \/>\n<meta property=\"article:modified_time\" content=\"2025-03-13T09:04:47+00:00\" \/>\n<meta property=\"og:image\" content=\"https:\/\/movereon.org\/wp-content\/uploads\/2025\/01\/logo-DE-01.png\" \/>\n\t<meta property=\"og:image:width\" content=\"478\" \/>\n\t<meta property=\"og:image:height\" content=\"274\" \/>\n\t<meta property=\"og:image:type\" content=\"image\/png\" \/>\n<meta name=\"twitter:card\" content=\"summary_large_image\" \/>\n<meta name=\"twitter:label1\" content=\"Gesch\u00e4tzte Lesezeit\" \/>\n\t<meta name=\"twitter:data1\" content=\"2\u00a0Minuten\" \/>\n<script type=\"application\/ld+json\" class=\"yoast-schema-graph\">{\"@context\":\"https:\/\/schema.org\",\"@graph\":[{\"@type\":\"WebPage\",\"@id\":\"https:\/\/movereon.org\/de\/\",\"url\":\"https:\/\/movereon.org\/de\/\",\"name\":\"Startseite - Movere On\",\"isPartOf\":{\"@id\":\"https:\/\/movereon.org\/de\/#website\"},\"primaryImageOfPage\":{\"@id\":\"https:\/\/movereon.org\/de\/#primaryimage\"},\"image\":{\"@id\":\"https:\/\/movereon.org\/de\/#primaryimage\"},\"thumbnailUrl\":\"https:\/\/movereon.org\/wp-content\/uploads\/2025\/01\/logo-DE-01.png\",\"datePublished\":\"2025-01-14T16:11:45+00:00\",\"dateModified\":\"2025-03-13T09:04:47+00:00\",\"breadcrumb\":{\"@id\":\"https:\/\/movereon.org\/de\/#breadcrumb\"},\"inLanguage\":\"de\",\"potentialAction\":[{\"@type\":\"ReadAction\",\"target\":[\"https:\/\/movereon.org\/de\/\"]}]},{\"@type\":\"ImageObject\",\"inLanguage\":\"de\",\"@id\":\"https:\/\/movereon.org\/de\/#primaryimage\",\"url\":\"https:\/\/movereon.org\/wp-content\/uploads\/2025\/01\/logo-DE-01.png\",\"contentUrl\":\"https:\/\/movereon.org\/wp-content\/uploads\/2025\/01\/logo-DE-01.png\",\"width\":478,\"height\":274},{\"@type\":\"BreadcrumbList\",\"@id\":\"https:\/\/movereon.org\/de\/#breadcrumb\",\"itemListElement\":[{\"@type\":\"ListItem\",\"position\":1,\"name\":\"Portada\",\"item\":\"https:\/\/movereon.org\/de\/\"},{\"@type\":\"ListItem\",\"position\":2,\"name\":\"Startseite\"}]},{\"@type\":\"WebSite\",\"@id\":\"https:\/\/movereon.org\/de\/#website\",\"url\":\"https:\/\/movereon.org\/de\/\",\"name\":\"Movere On\",\"description\":\"Filling the Gap Right!\",\"publisher\":{\"@id\":\"https:\/\/movereon.org\/de\/#organization\"},\"potentialAction\":[{\"@type\":\"SearchAction\",\"target\":{\"@type\":\"EntryPoint\",\"urlTemplate\":\"https:\/\/movereon.org\/de\/?s={search_term_string}\"},\"query-input\":{\"@type\":\"PropertyValueSpecification\",\"valueRequired\":true,\"valueName\":\"search_term_string\"}}],\"inLanguage\":\"de\"},{\"@type\":\"Organization\",\"@id\":\"https:\/\/movereon.org\/de\/#organization\",\"name\":\"Movere On\",\"url\":\"https:\/\/movereon.org\/de\/\",\"logo\":{\"@type\":\"ImageObject\",\"inLanguage\":\"de\",\"@id\":\"https:\/\/movereon.org\/de\/#\/schema\/logo\/image\/\",\"url\":\"https:\/\/movereon.org\/wp-content\/uploads\/2025\/01\/logo-DE-01.png\",\"contentUrl\":\"https:\/\/movereon.org\/wp-content\/uploads\/2025\/01\/logo-DE-01.png\",\"width\":478,\"height\":274,\"caption\":\"Movere On\"},\"image\":{\"@id\":\"https:\/\/movereon.org\/de\/#\/schema\/logo\/image\/\"}}]}<\/script>\n<!-- \/ Yoast SEO plugin. -->","yoast_head_json":{"title":"Startseite - Movere On","robots":{"index":"index","follow":"follow","max-snippet":"max-snippet:-1","max-image-preview":"max-image-preview:large","max-video-preview":"max-video-preview:-1"},"canonical":"https:\/\/movereon.org\/de\/","og_locale":"de_DE","og_type":"article","og_title":"Startseite - Movere On","og_description":"Nicht sicher, was du nach deinen Pr\u00fcfungen tun sollst? Wie w\u00e4re es, wenn du deine Sprachkenntnisse verbesserst und Arbeitserfahrung sammelst, um dich optimal auf deine weitere Zukunft vorzubereiten? Unser spannendes Programm ist genau das Richtige f\u00fcr dich, um die L\u00fccke zwischen Schule und Universit\u00e4t zu schlie\u00dfen. Wir bieten dir: Intensives Spanischlernen: Beherrsche eine Sprache, die [&hellip;]","og_url":"https:\/\/movereon.org\/de\/","og_site_name":"Movere On","article_modified_time":"2025-03-13T09:04:47+00:00","og_image":[{"width":478,"height":274,"url":"https:\/\/movereon.org\/wp-content\/uploads\/2025\/01\/logo-DE-01.png","type":"image\/png"}],"twitter_card":"summary_large_image","twitter_misc":{"Gesch\u00e4tzte Lesezeit":"2\u00a0Minuten"},"schema":{"@context":"https:\/\/schema.org","@graph":[{"@type":"WebPage","@id":"https:\/\/movereon.org\/de\/","url":"https:\/\/movereon.org\/de\/","name":"Startseite - Movere On","isPartOf":{"@id":"https:\/\/movereon.org\/de\/#website"},"primaryImageOfPage":{"@id":"https:\/\/movereon.org\/de\/#primaryimage"},"image":{"@id":"https:\/\/movereon.org\/de\/#primaryimage"},"thumbnailUrl":"https:\/\/movereon.org\/wp-content\/uploads\/2025\/01\/logo-DE-01.png","datePublished":"2025-01-14T16:11:45+00:00","dateModified":"2025-03-13T09:04:47+00:00","breadcrumb":{"@id":"https:\/\/movereon.org\/de\/#breadcrumb"},"inLanguage":"de","potentialAction":[{"@type":"ReadAction","target":["https:\/\/movereon.org\/de\/"]}]},{"@type":"ImageObject","inLanguage":"de","@id":"https:\/\/movereon.org\/de\/#primaryimage","url":"https:\/\/movereon.org\/wp-content\/uploads\/2025\/01\/logo-DE-01.png","contentUrl":"https:\/\/movereon.org\/wp-content\/uploads\/2025\/01\/logo-DE-01.png","width":478,"height":274},{"@type":"BreadcrumbList","@id":"https:\/\/movereon.org\/de\/#breadcrumb","itemListElement":[{"@type":"ListItem","position":1,"name":"Portada","item":"https:\/\/movereon.org\/de\/"},{"@type":"ListItem","position":2,"name":"Startseite"}]},{"@type":"WebSite","@id":"https:\/\/movereon.org\/de\/#website","url":"https:\/\/movereon.org\/de\/","name":"Movere On","description":"Filling the Gap Right!","publisher":{"@id":"https:\/\/movereon.org\/de\/#organization"},"potentialAction":[{"@type":"SearchAction","target":{"@type":"EntryPoint","urlTemplate":"https:\/\/movereon.org\/de\/?s={search_term_string}"},"query-input":{"@type":"PropertyValueSpecification","valueRequired":true,"valueName":"search_term_string"}}],"inLanguage":"de"},{"@type":"Organization","@id":"https:\/\/movereon.org\/de\/#organization","name":"Movere On","url":"https:\/\/movereon.org\/de\/","logo":{"@type":"ImageObject","inLanguage":"de","@id":"https:\/\/movereon.org\/de\/#\/schema\/logo\/image\/","url":"https:\/\/movereon.org\/wp-content\/uploads\/2025\/01\/logo-DE-01.png","contentUrl":"https:\/\/movereon.org\/wp-content\/uploads\/2025\/01\/logo-DE-01.png","width":478,"height":274,"caption":"Movere On"},"image":{"@id":"https:\/\/movereon.org\/de\/#\/schema\/logo\/image\/"}}]}},"uagb_featured_image_src":{"full":["https:\/\/movereon.org\/wp-content\/uploads\/2025\/01\/logo-DE-01.png",478,274,false],"thumbnail":["https:\/\/movereon.org\/wp-content\/uploads\/2025\/01\/logo-DE-01-150x150.png",150,150,true],"medium":["https:\/\/movereon.org\/wp-content\/uploads\/2025\/01\/logo-DE-01-300x172.png",300,172,true],"medium_large":["https:\/\/movereon.org\/wp-content\/uploads\/2025\/01\/logo-DE-01.png",478,274,false],"large":["https:\/\/movereon.org\/wp-content\/uploads\/2025\/01\/logo-DE-01.png",478,274,false],"1536x1536":["https:\/\/movereon.org\/wp-content\/uploads\/2025\/01\/logo-DE-01.png",478,274,false],"2048x2048":["https:\/\/movereon.org\/wp-content\/uploads\/2025\/01\/logo-DE-01.png",478,274,false],"woocommerce_thumbnail":["https:\/\/movereon.org\/wp-content\/uploads\/2025\/01\/logo-DE-01-300x274.png",300,274,true],"woocommerce_single":["https:\/\/movereon.org\/wp-content\/uploads\/2025\/01\/logo-DE-01.png",478,274,false],"woocommerce_gallery_thumbnail":["https:\/\/movereon.org\/wp-content\/uploads\/2025\/01\/logo-DE-01-100x100.png",100,100,true]},"uagb_author_info":{"display_name":"JC","author_link":"https:\/\/movereon.org\/de\/author\/loscarsejo\/"},"uagb_comment_info":0,"uagb_excerpt":"Nicht sicher, was du nach deinen Pr\u00fcfungen tun sollst? Wie w\u00e4re es, wenn du deine Sprachkenntnisse verbesserst und Arbeitserfahrung sammelst, um dich optimal auf deine weitere Zukunft vorzubereiten? Unser spannendes Programm ist genau das Richtige f\u00fcr dich, um die L\u00fccke zwischen Schule und Universit\u00e4t zu schlie\u00dfen. Wir bieten dir: Intensives Spanischlernen: Beherrsche eine Sprache, die&hellip;","_links":{"self":[{"href":"https:\/\/movereon.org\/de\/wp-json\/wp\/v2\/pages\/466","targetHints":{"allow":["GET"]}}],"collection":[{"href":"https:\/\/movereon.org\/de\/wp-json\/wp\/v2\/pages"}],"about":[{"href":"https:\/\/movereon.org\/de\/wp-json\/wp\/v2\/types\/page"}],"author":[{"embeddable":true,"href":"https:\/\/movereon.org\/de\/wp-json\/wp\/v2\/users\/2"}],"replies":[{"embeddable":true,"href":"https:\/\/movereon.org\/de\/wp-json\/wp\/v2\/comments?post=466"}],"version-history":[{"count":82,"href":"https:\/\/movereon.org\/de\/wp-json\/wp\/v2\/pages\/466\/revisions"}],"predecessor-version":[{"id":1410,"href":"https:\/\/movereon.org\/de\/wp-json\/wp\/v2\/pages\/466\/revisions\/1410"}],"wp:featuredmedia":[{"embeddable":true,"href":"https:\/\/movereon.org\/de\/wp-json\/wp\/v2\/media\/422"}],"wp:attachment":[{"href":"https:\/\/movereon.org\/de\/wp-json\/wp\/v2\/media?parent=466"}],"curies":[{"name":"wp","href":"https:\/\/api.w.org\/{rel}","templated":true}]}}