{"id":845,"date":"2025-01-28T18:06:42","date_gmt":"2025-01-28T17:06:42","guid":{"rendered":"https:\/\/movereon.org\/?page_id=845"},"modified":"2025-02-06T00:25:32","modified_gmt":"2025-02-05T23:25:32","slug":"unser-ausflugsprogramm","status":"publish","type":"page","link":"https:\/\/movereon.org\/de\/unser-ausflugsprogramm\/","title":{"rendered":"Unser Ausflugsprogramm"},"content":{"rendered":"\t\t<div data-elementor-type=\"wp-page\" data-elementor-id=\"845\" class=\"elementor elementor-845\" data-elementor-post-type=\"page\">\n\t\t\t\t<div class=\"elementor-element elementor-element-1ec0b8a e-flex e-con-boxed e-con e-parent\" data-id=\"1ec0b8a\" data-element_type=\"container\">\n\t\t\t\t\t<div class=\"e-con-inner\">\n\t\t<div class=\"elementor-element elementor-element-346fbe2 e-con-full e-flex e-con e-child\" data-id=\"346fbe2\" data-element_type=\"container\">\n\t\t\t\t<div class=\"elementor-element elementor-element-13196c7 elementor-widget elementor-widget-heading\" data-id=\"13196c7\" data-element_type=\"widget\" data-widget_type=\"heading.default\">\n\t\t\t\t<div class=\"elementor-widget-container\">\n\t\t\t\t\t<h2 class=\"elementor-heading-title elementor-size-default\">Unser Ausflugsprogramm<\/h2>\t\t\t\t<\/div>\n\t\t\t\t<\/div>\n\t\t\t\t<\/div>\n\t\t<div class=\"elementor-element elementor-element-04d92a4 e-con-full e-flex e-con e-child\" data-id=\"04d92a4\" data-element_type=\"container\" data-settings=\"{&quot;background_background&quot;:&quot;classic&quot;}\">\n\t\t\t\t<\/div>\n\t\t\t\t\t<\/div>\n\t\t\t\t<\/div>\n\t\t<div class=\"elementor-element elementor-element-da15764 e-flex e-con-boxed e-con e-parent\" data-id=\"da15764\" data-element_type=\"container\">\n\t\t\t\t\t<div class=\"e-con-inner\">\n\t\t\t\t<div class=\"elementor-element elementor-element-c631dbc elementor-widget elementor-widget-text-editor\" data-id=\"c631dbc\" data-element_type=\"widget\" data-widget_type=\"text-editor.default\">\n\t\t\t\t<div class=\"elementor-widget-container\">\n\t\t\t\t\t\t\t\t\t<p><span lang=\"ES-TRAD\">Unseren Teilnehmern wird die einzigartige Gelegenheit geboten, die atemberaubende Umgebung von Salamanca zu erkunden, verborgene Kultursch\u00e4tze zu entdecken und unvergessliche Erlebnisse mit anderen Kursteilnehmern zu sammeln.<\/span><\/p><p><span lang=\"ES-TRAD\">Die Exkursionen finden alle zwei Wochen statt und f\u00fchren zu einer Vielzahl faszinierender Ziele. Vom Gebirgsmassiv der Sierra de Gredos und der Sierra de Francia, wo die Studierenden mittelalterliche D\u00f6rfer besuchen, in wilden Bergfl\u00fcssen baden und fantastische Sonnenunterg\u00e4nge bei einem Drink genie\u00dfen k\u00f6nnen. Weitere Highlights sind Portugal, wo sie eine magische Zugfahrt entlang des Flusses Douro unternehmen und die Sch\u00f6nheit der beeindruckenden Canyons an der Grenze zwischen Spanien und Portugal erleben.<\/span><\/p><p><span lang=\"ES-TRAD\">Die Teilnehmer haben auch die M\u00f6glichkeit, die lebendige Hauptstadt Spaniens, Madrid, zu erkunden, mit ihren weltber\u00fchmten Kunstmuseen und interessanten Flohm\u00e4rkten. In Segovia bestaunen sie das beeindruckende r\u00f6mische Aqu\u00e4dukt und schlendern durch die gut erhaltene Altstadt.<\/span><\/p><p><span lang=\"ES-TRAD\">Das Highlight des Programms ist das lange Wochenende in Andalusien, wo wir uns in den Charme von Sevilla verlieben \u2013 eine der verf\u00fchrerischsten St\u00e4dte Spaniens \u2013 und die Sonne, das Meer und das Nachtleben der wundersch\u00f6nen K\u00fcstenstadt C\u00e1diz genie\u00dfen.<\/span><\/p>\t\t\t\t\t\t\t\t<\/div>\n\t\t\t\t<\/div>\n\t\t\t\t<div class=\"elementor-element elementor-element-c00d2fb elementor-widget-divider--view-line_icon elementor-view-default elementor-widget-divider--element-align-center elementor-widget elementor-widget-divider\" data-id=\"c00d2fb\" data-element_type=\"widget\" data-widget_type=\"divider.default\">\n\t\t\t\t<div class=\"elementor-widget-container\">\n\t\t\t\t\t\t\t<div class=\"elementor-divider\">\n\t\t\t<span class=\"elementor-divider-separator\">\n\t\t\t\t\t\t\t<div class=\"elementor-icon elementor-divider__element\">\n\t\t\t\t\t<svg aria-hidden=\"true\" class=\"e-font-icon-svg e-fas-photo-video\" viewBox=\"0 0 640 512\" xmlns=\"http:\/\/www.w3.org\/2000\/svg\"><path d=\"M608 0H160a32 32 0 0 0-32 32v96h160V64h192v320h128a32 32 0 0 0 32-32V32a32 32 0 0 0-32-32zM232 103a9 9 0 0 1-9 9h-30a9 9 0 0 1-9-9V73a9 9 0 0 1 9-9h30a9 9 0 0 1 9 9zm352 208a9 9 0 0 1-9 9h-30a9 9 0 0 1-9-9v-30a9 9 0 0 1 9-9h30a9 9 0 0 1 9 9zm0-104a9 9 0 0 1-9 9h-30a9 9 0 0 1-9-9v-30a9 9 0 0 1 9-9h30a9 9 0 0 1 9 9zm0-104a9 9 0 0 1-9 9h-30a9 9 0 0 1-9-9V73a9 9 0 0 1 9-9h30a9 9 0 0 1 9 9zm-168 57H32a32 32 0 0 0-32 32v288a32 32 0 0 0 32 32h384a32 32 0 0 0 32-32V192a32 32 0 0 0-32-32zM96 224a32 32 0 1 1-32 32 32 32 0 0 1 32-32zm288 224H64v-32l64-64 32 32 128-128 96 96z\"><\/path><\/svg><\/div>\n\t\t\t\t\t\t<\/span>\n\t\t<\/div>\n\t\t\t\t\t\t<\/div>\n\t\t\t\t<\/div>\n\t\t\t\t<div class=\"elementor-element elementor-element-ae42dd6 elementor-widget elementor-widget-video\" data-id=\"ae42dd6\" data-element_type=\"widget\" data-settings=\"{&quot;video_type&quot;:&quot;hosted&quot;,&quot;controls&quot;:&quot;yes&quot;}\" data-widget_type=\"video.default\">\n\t\t\t\t<div class=\"elementor-widget-container\">\n\t\t\t\t\t\t\t<div class=\"e-hosted-video elementor-wrapper elementor-open-inline\">\n\t\t\t\t\t<video class=\"elementor-video\" src=\"https:\/\/movereon.org\/wp-content\/uploads\/2025\/01\/viaje-03.mp4\" controls=\"\" preload=\"metadata\" controlsList=\"nodownload\"><\/video>\n\t\t\t\t<\/div>\n\t\t\t\t\t\t<\/div>\n\t\t\t\t<\/div>\n\t\t\t\t\t<\/div>\n\t\t\t\t<\/div>\n\t\t<div class=\"elementor-element elementor-element-d3dfbc2 e-flex e-con-boxed e-con e-parent\" data-id=\"d3dfbc2\" data-element_type=\"container\">\n\t\t\t\t\t<div class=\"e-con-inner\">\n\t\t<div class=\"elementor-element elementor-element-d5f77b4 e-con-full e-flex e-con e-child\" data-id=\"d5f77b4\" data-element_type=\"container\">\n\t\t\t\t<div class=\"elementor-element elementor-element-32dfc58 elementor-widget elementor-widget-image\" data-id=\"32dfc58\" data-element_type=\"widget\" data-widget_type=\"image.default\">\n\t\t\t\t<div class=\"elementor-widget-container\">\n\t\t\t\t\t\t\t\t\t\t\t\t\t\t\t<img fetchpriority=\"high\" decoding=\"async\" width=\"600\" height=\"400\" src=\"https:\/\/movereon.org\/wp-content\/uploads\/2025\/01\/excursiones-01.jpg\" class=\"attachment-full size-full wp-image-852\" alt=\"\" srcset=\"https:\/\/movereon.org\/wp-content\/uploads\/2025\/01\/excursiones-01.jpg 600w, https:\/\/movereon.org\/wp-content\/uploads\/2025\/01\/excursiones-01-300x200.jpg 300w\" sizes=\"(max-width: 600px) 100vw, 600px\" \/>\t\t\t\t\t\t\t\t\t\t\t\t\t\t\t<\/div>\n\t\t\t\t<\/div>\n\t\t\t\t<\/div>\n\t\t<div class=\"elementor-element elementor-element-434c37b e-con-full e-flex e-con e-child\" data-id=\"434c37b\" data-element_type=\"container\">\n\t\t\t\t<div class=\"elementor-element elementor-element-386c469 elementor-widget elementor-widget-video\" data-id=\"386c469\" data-element_type=\"widget\" data-settings=\"{&quot;youtube_url&quot;:&quot;https:\\\/\\\/www.youtube.com\\\/watch?v=MWcyp55VJ8I&quot;,&quot;video_type&quot;:&quot;youtube&quot;,&quot;controls&quot;:&quot;yes&quot;}\" data-widget_type=\"video.default\">\n\t\t\t\t<div class=\"elementor-widget-container\">\n\t\t\t\t\t\t\t<div class=\"elementor-wrapper elementor-open-inline\">\n\t\t\t<div class=\"elementor-video\"><\/div>\t\t<\/div>\n\t\t\t\t\t\t<\/div>\n\t\t\t\t<\/div>\n\t\t\t\t<\/div>\n\t\t\t\t\t<\/div>\n\t\t\t\t<\/div>\n\t\t<div class=\"elementor-element elementor-element-3d3baea e-flex e-con-boxed e-con e-parent\" data-id=\"3d3baea\" data-element_type=\"container\">\n\t\t\t\t\t<div class=\"e-con-inner\">\n\t\t<div class=\"elementor-element elementor-element-9f08c22 e-con-full e-flex e-con e-child\" data-id=\"9f08c22\" data-element_type=\"container\">\n\t\t\t\t<div class=\"elementor-element elementor-element-3faae9e elementor-widget elementor-widget-video\" data-id=\"3faae9e\" data-element_type=\"widget\" data-settings=\"{&quot;youtube_url&quot;:&quot;https:\\\/\\\/www.youtube.com\\\/watch?v=NWBtMK3GsV0&quot;,&quot;video_type&quot;:&quot;youtube&quot;,&quot;controls&quot;:&quot;yes&quot;}\" data-widget_type=\"video.default\">\n\t\t\t\t<div class=\"elementor-widget-container\">\n\t\t\t\t\t\t\t<div class=\"elementor-wrapper elementor-open-inline\">\n\t\t\t<div class=\"elementor-video\"><\/div>\t\t<\/div>\n\t\t\t\t\t\t<\/div>\n\t\t\t\t<\/div>\n\t\t\t\t<\/div>\n\t\t<div class=\"elementor-element elementor-element-de78a3f e-con-full e-flex e-con e-child\" data-id=\"de78a3f\" data-element_type=\"container\">\n\t\t\t\t<div class=\"elementor-element elementor-element-5304576 elementor-widget elementor-widget-image\" data-id=\"5304576\" data-element_type=\"widget\" data-widget_type=\"image.default\">\n\t\t\t\t<div class=\"elementor-widget-container\">\n\t\t\t\t\t\t\t\t\t\t\t\t\t\t\t<img decoding=\"async\" width=\"600\" height=\"400\" src=\"https:\/\/movereon.org\/wp-content\/uploads\/2025\/01\/excursiones-02.jpg\" class=\"attachment-full size-full wp-image-854\" alt=\"\" srcset=\"https:\/\/movereon.org\/wp-content\/uploads\/2025\/01\/excursiones-02.jpg 600w, https:\/\/movereon.org\/wp-content\/uploads\/2025\/01\/excursiones-02-300x200.jpg 300w\" sizes=\"(max-width: 600px) 100vw, 600px\" \/>\t\t\t\t\t\t\t\t\t\t\t\t\t\t\t<\/div>\n\t\t\t\t<\/div>\n\t\t\t\t<\/div>\n\t\t\t\t\t<\/div>\n\t\t\t\t<\/div>\n\t\t<div class=\"elementor-element elementor-element-9f3d06c e-flex e-con-boxed e-con e-parent\" data-id=\"9f3d06c\" data-element_type=\"container\">\n\t\t\t\t\t<div class=\"e-con-inner\">\n\t\t<div class=\"elementor-element elementor-element-1d7f39b e-con-full e-flex e-con e-child\" data-id=\"1d7f39b\" data-element_type=\"container\">\n\t\t\t\t<div class=\"elementor-element elementor-element-d01664a elementor-widget elementor-widget-image\" data-id=\"d01664a\" data-element_type=\"widget\" data-widget_type=\"image.default\">\n\t\t\t\t<div class=\"elementor-widget-container\">\n\t\t\t\t\t\t\t\t\t\t\t\t\t\t\t<img decoding=\"async\" width=\"600\" height=\"400\" src=\"https:\/\/movereon.org\/wp-content\/uploads\/2025\/01\/excursiones-03.jpg\" class=\"attachment-full size-full wp-image-853\" alt=\"\" srcset=\"https:\/\/movereon.org\/wp-content\/uploads\/2025\/01\/excursiones-03.jpg 600w, https:\/\/movereon.org\/wp-content\/uploads\/2025\/01\/excursiones-03-300x200.jpg 300w\" sizes=\"(max-width: 600px) 100vw, 600px\" \/>\t\t\t\t\t\t\t\t\t\t\t\t\t\t\t<\/div>\n\t\t\t\t<\/div>\n\t\t\t\t<\/div>\n\t\t<div class=\"elementor-element elementor-element-d1e15c3 e-con-full e-flex e-con e-child\" data-id=\"d1e15c3\" data-element_type=\"container\">\n\t\t\t\t<div class=\"elementor-element elementor-element-0ed27a1 elementor-widget elementor-widget-video\" data-id=\"0ed27a1\" data-element_type=\"widget\" data-settings=\"{&quot;youtube_url&quot;:&quot;https:\\\/\\\/www.youtube.com\\\/watch?v=kGZ9kwELkZM&quot;,&quot;video_type&quot;:&quot;youtube&quot;,&quot;controls&quot;:&quot;yes&quot;}\" data-widget_type=\"video.default\">\n\t\t\t\t<div class=\"elementor-widget-container\">\n\t\t\t\t\t\t\t<div class=\"elementor-wrapper elementor-open-inline\">\n\t\t\t<div class=\"elementor-video\"><\/div>\t\t<\/div>\n\t\t\t\t\t\t<\/div>\n\t\t\t\t<\/div>\n\t\t\t\t<\/div>\n\t\t\t\t\t<\/div>\n\t\t\t\t<\/div>\n\t\t<div class=\"elementor-element elementor-element-dbb20dd e-flex e-con-boxed e-con e-parent\" data-id=\"dbb20dd\" data-element_type=\"container\">\n\t\t\t\t\t<div class=\"e-con-inner\">\n\t\t<div class=\"elementor-element elementor-element-7aae1a7 e-con-full e-flex e-con e-child\" data-id=\"7aae1a7\" data-element_type=\"container\">\n\t\t\t\t<div class=\"elementor-element elementor-element-c3da04c elementor-widget elementor-widget-video\" data-id=\"c3da04c\" data-element_type=\"widget\" data-settings=\"{&quot;youtube_url&quot;:&quot;https:\\\/\\\/www.youtube.com\\\/watch?v=LsVh5URxO5s&quot;,&quot;video_type&quot;:&quot;youtube&quot;,&quot;controls&quot;:&quot;yes&quot;}\" data-widget_type=\"video.default\">\n\t\t\t\t<div class=\"elementor-widget-container\">\n\t\t\t\t\t\t\t<div class=\"elementor-wrapper elementor-open-inline\">\n\t\t\t<div class=\"elementor-video\"><\/div>\t\t<\/div>\n\t\t\t\t\t\t<\/div>\n\t\t\t\t<\/div>\n\t\t\t\t<\/div>\n\t\t<div class=\"elementor-element elementor-element-7480659 e-con-full e-flex e-con e-child\" data-id=\"7480659\" data-element_type=\"container\">\n\t\t\t\t<\/div>\n\t\t\t\t\t<\/div>\n\t\t\t\t<\/div>\n\t\t\t\t<\/div>\n\t\t","protected":false},"excerpt":{"rendered":"<p>Unseren Teilnehmern wird die einzigartige Gelegenheit geboten, die atemberaubende Umgebung von Salamanca zu erkunden, verborgene Kultursch\u00e4tze zu entdecken und unvergessliche Erlebnisse mit anderen Kursteilnehmern zu sammeln. Die Exkursionen finden alle zwei Wochen statt und f\u00fchren zu einer Vielzahl faszinierender Ziele. Vom Gebirgsmassiv der Sierra de Gredos und der Sierra de Francia, wo die Studierenden mittelalterliche [&hellip;]<\/p>\n","protected":false},"author":2,"featured_media":422,"parent":0,"menu_order":0,"comment_status":"closed","ping_status":"closed","template":"","meta":{"_uag_custom_page_level_css":"","footnotes":""},"class_list":["post-845","page","type-page","status-publish","has-post-thumbnail","hentry"],"yoast_head":"<!-- This site is optimized with the Yoast SEO plugin v24.4 - https:\/\/yoast.com\/wordpress\/plugins\/seo\/ -->\n<title>Unser Ausflugsprogramm - Movere On<\/title>\n<meta name=\"robots\" content=\"index, follow, max-snippet:-1, max-image-preview:large, max-video-preview:-1\" \/>\n<link rel=\"canonical\" href=\"https:\/\/movereon.org\/de\/unser-ausflugsprogramm\/\" \/>\n<meta property=\"og:locale\" content=\"de_DE\" \/>\n<meta property=\"og:type\" content=\"article\" \/>\n<meta property=\"og:title\" content=\"Unser Ausflugsprogramm - Movere On\" \/>\n<meta property=\"og:description\" content=\"Unseren Teilnehmern wird die einzigartige Gelegenheit geboten, die atemberaubende Umgebung von Salamanca zu erkunden, verborgene Kultursch\u00e4tze zu entdecken und unvergessliche Erlebnisse mit anderen Kursteilnehmern zu sammeln. Die Exkursionen finden alle zwei Wochen statt und f\u00fchren zu einer Vielzahl faszinierender Ziele. Vom Gebirgsmassiv der Sierra de Gredos und der Sierra de Francia, wo die Studierenden mittelalterliche [&hellip;]\" \/>\n<meta property=\"og:url\" content=\"https:\/\/movereon.org\/de\/unser-ausflugsprogramm\/\" \/>\n<meta property=\"og:site_name\" content=\"Movere On\" \/>\n<meta property=\"article:modified_time\" content=\"2025-02-05T23:25:32+00:00\" \/>\n<meta property=\"og:image\" content=\"https:\/\/movereon.org\/wp-content\/uploads\/2025\/01\/logo-DE-01.png\" \/>\n\t<meta property=\"og:image:width\" content=\"478\" \/>\n\t<meta property=\"og:image:height\" content=\"274\" \/>\n\t<meta property=\"og:image:type\" content=\"image\/png\" \/>\n<meta name=\"twitter:card\" content=\"summary_large_image\" \/>\n<meta name=\"twitter:label1\" content=\"Gesch\u00e4tzte Lesezeit\" \/>\n\t<meta name=\"twitter:data1\" content=\"2\u00a0Minuten\" \/>\n<script type=\"application\/ld+json\" class=\"yoast-schema-graph\">{\"@context\":\"https:\/\/schema.org\",\"@graph\":[{\"@type\":\"WebPage\",\"@id\":\"https:\/\/movereon.org\/de\/unser-ausflugsprogramm\/\",\"url\":\"https:\/\/movereon.org\/de\/unser-ausflugsprogramm\/\",\"name\":\"Unser Ausflugsprogramm - Movere On\",\"isPartOf\":{\"@id\":\"https:\/\/movereon.org\/de\/#website\"},\"primaryImageOfPage\":{\"@id\":\"https:\/\/movereon.org\/de\/unser-ausflugsprogramm\/#primaryimage\"},\"image\":{\"@id\":\"https:\/\/movereon.org\/de\/unser-ausflugsprogramm\/#primaryimage\"},\"thumbnailUrl\":\"https:\/\/movereon.org\/wp-content\/uploads\/2025\/01\/logo-DE-01.png\",\"datePublished\":\"2025-01-28T17:06:42+00:00\",\"dateModified\":\"2025-02-05T23:25:32+00:00\",\"breadcrumb\":{\"@id\":\"https:\/\/movereon.org\/de\/unser-ausflugsprogramm\/#breadcrumb\"},\"inLanguage\":\"de\",\"potentialAction\":[{\"@type\":\"ReadAction\",\"target\":[\"https:\/\/movereon.org\/de\/unser-ausflugsprogramm\/\"]}]},{\"@type\":\"ImageObject\",\"inLanguage\":\"de\",\"@id\":\"https:\/\/movereon.org\/de\/unser-ausflugsprogramm\/#primaryimage\",\"url\":\"https:\/\/movereon.org\/wp-content\/uploads\/2025\/01\/logo-DE-01.png\",\"contentUrl\":\"https:\/\/movereon.org\/wp-content\/uploads\/2025\/01\/logo-DE-01.png\",\"width\":478,\"height\":274},{\"@type\":\"BreadcrumbList\",\"@id\":\"https:\/\/movereon.org\/de\/unser-ausflugsprogramm\/#breadcrumb\",\"itemListElement\":[{\"@type\":\"ListItem\",\"position\":1,\"name\":\"Portada\",\"item\":\"https:\/\/movereon.org\/de\/\"},{\"@type\":\"ListItem\",\"position\":2,\"name\":\"Unser Ausflugsprogramm\"}]},{\"@type\":\"WebSite\",\"@id\":\"https:\/\/movereon.org\/de\/#website\",\"url\":\"https:\/\/movereon.org\/de\/\",\"name\":\"Movere On\",\"description\":\"Filling the Gap Right!\",\"publisher\":{\"@id\":\"https:\/\/movereon.org\/de\/#organization\"},\"potentialAction\":[{\"@type\":\"SearchAction\",\"target\":{\"@type\":\"EntryPoint\",\"urlTemplate\":\"https:\/\/movereon.org\/de\/?s={search_term_string}\"},\"query-input\":{\"@type\":\"PropertyValueSpecification\",\"valueRequired\":true,\"valueName\":\"search_term_string\"}}],\"inLanguage\":\"de\"},{\"@type\":\"Organization\",\"@id\":\"https:\/\/movereon.org\/de\/#organization\",\"name\":\"Movere On\",\"url\":\"https:\/\/movereon.org\/de\/\",\"logo\":{\"@type\":\"ImageObject\",\"inLanguage\":\"de\",\"@id\":\"https:\/\/movereon.org\/de\/#\/schema\/logo\/image\/\",\"url\":\"https:\/\/movereon.org\/wp-content\/uploads\/2025\/01\/logo-DE-01.png\",\"contentUrl\":\"https:\/\/movereon.org\/wp-content\/uploads\/2025\/01\/logo-DE-01.png\",\"width\":478,\"height\":274,\"caption\":\"Movere On\"},\"image\":{\"@id\":\"https:\/\/movereon.org\/de\/#\/schema\/logo\/image\/\"}}]}<\/script>\n<!-- \/ Yoast SEO plugin. -->","yoast_head_json":{"title":"Unser Ausflugsprogramm - Movere On","robots":{"index":"index","follow":"follow","max-snippet":"max-snippet:-1","max-image-preview":"max-image-preview:large","max-video-preview":"max-video-preview:-1"},"canonical":"https:\/\/movereon.org\/de\/unser-ausflugsprogramm\/","og_locale":"de_DE","og_type":"article","og_title":"Unser Ausflugsprogramm - Movere On","og_description":"Unseren Teilnehmern wird die einzigartige Gelegenheit geboten, die atemberaubende Umgebung von Salamanca zu erkunden, verborgene Kultursch\u00e4tze zu entdecken und unvergessliche Erlebnisse mit anderen Kursteilnehmern zu sammeln. Die Exkursionen finden alle zwei Wochen statt und f\u00fchren zu einer Vielzahl faszinierender Ziele. Vom Gebirgsmassiv der Sierra de Gredos und der Sierra de Francia, wo die Studierenden mittelalterliche [&hellip;]","og_url":"https:\/\/movereon.org\/de\/unser-ausflugsprogramm\/","og_site_name":"Movere On","article_modified_time":"2025-02-05T23:25:32+00:00","og_image":[{"width":478,"height":274,"url":"https:\/\/movereon.org\/wp-content\/uploads\/2025\/01\/logo-DE-01.png","type":"image\/png"}],"twitter_card":"summary_large_image","twitter_misc":{"Gesch\u00e4tzte Lesezeit":"2\u00a0Minuten"},"schema":{"@context":"https:\/\/schema.org","@graph":[{"@type":"WebPage","@id":"https:\/\/movereon.org\/de\/unser-ausflugsprogramm\/","url":"https:\/\/movereon.org\/de\/unser-ausflugsprogramm\/","name":"Unser Ausflugsprogramm - Movere On","isPartOf":{"@id":"https:\/\/movereon.org\/de\/#website"},"primaryImageOfPage":{"@id":"https:\/\/movereon.org\/de\/unser-ausflugsprogramm\/#primaryimage"},"image":{"@id":"https:\/\/movereon.org\/de\/unser-ausflugsprogramm\/#primaryimage"},"thumbnailUrl":"https:\/\/movereon.org\/wp-content\/uploads\/2025\/01\/logo-DE-01.png","datePublished":"2025-01-28T17:06:42+00:00","dateModified":"2025-02-05T23:25:32+00:00","breadcrumb":{"@id":"https:\/\/movereon.org\/de\/unser-ausflugsprogramm\/#breadcrumb"},"inLanguage":"de","potentialAction":[{"@type":"ReadAction","target":["https:\/\/movereon.org\/de\/unser-ausflugsprogramm\/"]}]},{"@type":"ImageObject","inLanguage":"de","@id":"https:\/\/movereon.org\/de\/unser-ausflugsprogramm\/#primaryimage","url":"https:\/\/movereon.org\/wp-content\/uploads\/2025\/01\/logo-DE-01.png","contentUrl":"https:\/\/movereon.org\/wp-content\/uploads\/2025\/01\/logo-DE-01.png","width":478,"height":274},{"@type":"BreadcrumbList","@id":"https:\/\/movereon.org\/de\/unser-ausflugsprogramm\/#breadcrumb","itemListElement":[{"@type":"ListItem","position":1,"name":"Portada","item":"https:\/\/movereon.org\/de\/"},{"@type":"ListItem","position":2,"name":"Unser Ausflugsprogramm"}]},{"@type":"WebSite","@id":"https:\/\/movereon.org\/de\/#website","url":"https:\/\/movereon.org\/de\/","name":"Movere On","description":"Filling the Gap Right!","publisher":{"@id":"https:\/\/movereon.org\/de\/#organization"},"potentialAction":[{"@type":"SearchAction","target":{"@type":"EntryPoint","urlTemplate":"https:\/\/movereon.org\/de\/?s={search_term_string}"},"query-input":{"@type":"PropertyValueSpecification","valueRequired":true,"valueName":"search_term_string"}}],"inLanguage":"de"},{"@type":"Organization","@id":"https:\/\/movereon.org\/de\/#organization","name":"Movere On","url":"https:\/\/movereon.org\/de\/","logo":{"@type":"ImageObject","inLanguage":"de","@id":"https:\/\/movereon.org\/de\/#\/schema\/logo\/image\/","url":"https:\/\/movereon.org\/wp-content\/uploads\/2025\/01\/logo-DE-01.png","contentUrl":"https:\/\/movereon.org\/wp-content\/uploads\/2025\/01\/logo-DE-01.png","width":478,"height":274,"caption":"Movere On"},"image":{"@id":"https:\/\/movereon.org\/de\/#\/schema\/logo\/image\/"}}]}},"uagb_featured_image_src":{"full":["https:\/\/movereon.org\/wp-content\/uploads\/2025\/01\/logo-DE-01.png",478,274,false],"thumbnail":["https:\/\/movereon.org\/wp-content\/uploads\/2025\/01\/logo-DE-01-150x150.png",150,150,true],"medium":["https:\/\/movereon.org\/wp-content\/uploads\/2025\/01\/logo-DE-01-300x172.png",300,172,true],"medium_large":["https:\/\/movereon.org\/wp-content\/uploads\/2025\/01\/logo-DE-01.png",478,274,false],"large":["https:\/\/movereon.org\/wp-content\/uploads\/2025\/01\/logo-DE-01.png",478,274,false],"1536x1536":["https:\/\/movereon.org\/wp-content\/uploads\/2025\/01\/logo-DE-01.png",478,274,false],"2048x2048":["https:\/\/movereon.org\/wp-content\/uploads\/2025\/01\/logo-DE-01.png",478,274,false],"woocommerce_thumbnail":["https:\/\/movereon.org\/wp-content\/uploads\/2025\/01\/logo-DE-01-300x274.png",300,274,true],"woocommerce_single":["https:\/\/movereon.org\/wp-content\/uploads\/2025\/01\/logo-DE-01.png",478,274,false],"woocommerce_gallery_thumbnail":["https:\/\/movereon.org\/wp-content\/uploads\/2025\/01\/logo-DE-01-100x100.png",100,100,true]},"uagb_author_info":{"display_name":"JC","author_link":"https:\/\/movereon.org\/de\/author\/loscarsejo\/"},"uagb_comment_info":0,"uagb_excerpt":"Unseren Teilnehmern wird die einzigartige Gelegenheit geboten, die atemberaubende Umgebung von Salamanca zu erkunden, verborgene Kultursch\u00e4tze zu entdecken und unvergessliche Erlebnisse mit anderen Kursteilnehmern zu sammeln. Die Exkursionen finden alle zwei Wochen statt und f\u00fchren zu einer Vielzahl faszinierender Ziele. Vom Gebirgsmassiv der Sierra de Gredos und der Sierra de Francia, wo die Studierenden mittelalterliche&hellip;","_links":{"self":[{"href":"https:\/\/movereon.org\/de\/wp-json\/wp\/v2\/pages\/845","targetHints":{"allow":["GET"]}}],"collection":[{"href":"https:\/\/movereon.org\/de\/wp-json\/wp\/v2\/pages"}],"about":[{"href":"https:\/\/movereon.org\/de\/wp-json\/wp\/v2\/types\/page"}],"author":[{"embeddable":true,"href":"https:\/\/movereon.org\/de\/wp-json\/wp\/v2\/users\/2"}],"replies":[{"embeddable":true,"href":"https:\/\/movereon.org\/de\/wp-json\/wp\/v2\/comments?post=845"}],"version-history":[{"count":10,"href":"https:\/\/movereon.org\/de\/wp-json\/wp\/v2\/pages\/845\/revisions"}],"predecessor-version":[{"id":1023,"href":"https:\/\/movereon.org\/de\/wp-json\/wp\/v2\/pages\/845\/revisions\/1023"}],"wp:featuredmedia":[{"embeddable":true,"href":"https:\/\/movereon.org\/de\/wp-json\/wp\/v2\/media\/422"}],"wp:attachment":[{"href":"https:\/\/movereon.org\/de\/wp-json\/wp\/v2\/media?parent=845"}],"curies":[{"name":"wp","href":"https:\/\/api.w.org\/{rel}","templated":true}]}}